{"id":1059,"date":"2022-10-11T11:51:22","date_gmt":"2022-10-11T09:51:22","guid":{"rendered":"https:\/\/www.bednarekclinic.pl\/botulinumtoxin\/"},"modified":"2026-04-14T16:04:48","modified_gmt":"2026-04-14T14:04:48","slug":"botulinumtoxin","status":"publish","type":"page","link":"https:\/\/www.bednarekclinic.pl\/de\/botulinumtoxin\/","title":{"rendered":"Botulinumtoxin"},"content":{"rendered":"<p><div class=\"fusion-fullwidth fullwidth-box fusion-builder-row-1 fusion-flex-container max-width nonhundred-percent-fullwidth non-hundred-percent-height-scrolling\" style=\"background-color: #000000;background-position: center center;background-repeat: no-repeat;border-width: 0px 0px 0px 0px;border-color:#e2e2e2;border-style:solid;\" ><div class=\"fusion-builder-row fusion-row fusion-flex-align-items-flex-start\" style=\"max-width:1248px;margin-left: calc(-4% \/ 2 );margin-right: calc(-4% \/ 2 );\"><div class=\"fusion-layout-column fusion_builder_column fusion-builder-column-0 fusion_builder_column_1_1 1_1 fusion-flex-column page_title\"><div class=\"fusion-column-wrapper fusion-flex-justify-content-flex-start fusion-content-layout-column\" style=\"background-position:left top;background-repeat:no-repeat;-webkit-background-size:cover;-moz-background-size:cover;-o-background-size:cover;background-size:cover;padding: 0px 0px 0px 0px;\"><div class=\"fusion-text fusion-text-1\"><h1 style=\"text-align: center;\">Botulinumtoxin<\/h1>\n<\/div><\/div><style type=\"text\/css\">.fusion-body .fusion-builder-column-0{width:100% !important;margin-top : 0px;margin-bottom : 20px;}.fusion-builder-column-0 > .fusion-column-wrapper {padding-top : 0px !important;padding-right : 0px !important;margin-right : 1.92%;padding-bottom : 0px !important;padding-left : 0px !important;margin-left : 1.92%;}@media only screen and (max-width:1024px) {.fusion-body .fusion-builder-column-0{width:100% !important;order : 0;}.fusion-builder-column-0 > .fusion-column-wrapper {margin-right : 1.92%;margin-left : 1.92%;}}@media only screen and (max-width:640px) {.fusion-body .fusion-builder-column-0{width:100% !important;order : 0;}.fusion-builder-column-0 > .fusion-column-wrapper {margin-right : 1.92%;margin-left : 1.92%;}}<\/style><\/div><\/div><style type=\"text\/css\">.fusion-body .fusion-flex-container.fusion-builder-row-1{ padding-top : 0px;margin-top : 0px;padding-right : 0px;padding-bottom : 0px;margin-bottom : 0px;padding-left : 0px;}<\/style><\/div><div class=\"fusion-fullwidth fullwidth-box fusion-builder-row-2 fusion-flex-container content_width box_big_title nonhundred-percent-fullwidth non-hundred-percent-height-scrolling\" style=\"background-color: rgba(255,255,255,0);background-position: center center;background-repeat: no-repeat;border-width: 0px 0px 0px 0px;border-color:#e2e2e2;border-style:solid;\" ><div class=\"fusion-builder-row fusion-row fusion-flex-align-items-flex-start\" style=\"max-width:1248px;margin-left: calc(-4% \/ 2 );margin-right: calc(-4% \/ 2 );\"><div class=\"fusion-layout-column fusion_builder_column fusion-builder-column-1 fusion_builder_column_1_1 1_1 fusion-flex-column\"><div class=\"fusion-column-wrapper fusion-flex-justify-content-flex-start fusion-content-layout-column\" style=\"background-position:left top;background-repeat:no-repeat;-webkit-background-size:cover;-moz-background-size:cover;-o-background-size:cover;background-size:cover;padding: 0px 0px 0px 0px;\"><div class=\"fusion-content-boxes content-boxes columns row fusion-columns-1 fusion-columns-total-1 fusion-content-boxes-1 content-boxes-icon-with-title content-left\" data-animationOffset=\"top-into-view\" style=\"margin-top:;margin-bottom:;\"><style type=\"text\/css\">.fusion-content-boxes-1 .heading .content-box-heading {color:#212934;}\n\t\t\t\t\t.fusion-content-boxes-1 .fusion-content-box-hover .link-area-link-icon-hover .heading .content-box-heading,\n\t\t\t\t\t.fusion-content-boxes-1 .fusion-content-box-hover .link-area-link-icon-hover .heading .heading-link .content-box-heading,\n\t\t\t\t\t.fusion-content-boxes-1 .fusion-content-box-hover .link-area-box-hover .heading .content-box-heading,\n\t\t\t\t\t.fusion-content-boxes-1 .fusion-content-box-hover .link-area-box-hover .heading .heading-link .content-box-heading,\n\t\t\t\t\t.fusion-content-boxes-1 .fusion-content-box-hover .link-area-link-icon-hover.link-area-box .fusion-read-more,\n\t\t\t\t\t.fusion-content-boxes-1 .fusion-content-box-hover .link-area-link-icon-hover.link-area-box .fusion-read-more::after,\n\t\t\t\t\t.fusion-content-boxes-1 .fusion-content-box-hover .link-area-link-icon-hover.link-area-box .fusion-read-more::before,\n\t\t\t\t\t.fusion-content-boxes-1 .fusion-content-box-hover .fusion-read-more:hover:after,\n\t\t\t\t\t.fusion-content-boxes-1 .fusion-content-box-hover .fusion-read-more:hover:before,\n\t\t\t\t\t.fusion-content-boxes-1 .fusion-content-box-hover .fusion-read-more:hover,\n\t\t\t\t\t.fusion-content-boxes-1 .fusion-content-box-hover .link-area-box-hover.link-area-box .fusion-read-more,\n\t\t\t\t\t.fusion-content-boxes-1 .fusion-content-box-hover .link-area-box-hover.link-area-box .fusion-read-more::after,\n\t\t\t\t\t.fusion-content-boxes-1 .fusion-content-box-hover .link-area-box-hover.link-area-box .fusion-read-more::before,\n\t\t\t\t\t.fusion-content-boxes-1 .fusion-content-box-hover .link-area-link-icon-hover .icon .circle-no,\n\t\t\t\t\t.fusion-content-boxes-1 .heading .heading-link:hover .content-box-heading {\n\t\t\t\t\t\tcolor: #65bc7b;\n\t\t\t\t\t}\n\t\t\t\t\t.fusion-content-boxes-1 .fusion-content-box-hover .link-area-box-hover .icon .circle-no {\n\t\t\t\t\t\tcolor: #65bc7b !important;\n\t\t\t\t\t}.fusion-content-boxes-1 .fusion-content-box-hover .link-area-box.link-area-box-hover .fusion-content-box-button {background: #5aa86c;color: #ffffff;}.fusion-content-boxes-1 .fusion-content-box-hover .link-area-box.link-area-box-hover .fusion-content-box-button .fusion-button-text {color: #ffffff;}\n\t\t\t\t\t.fusion-content-boxes-1 .fusion-content-box-hover .link-area-link-icon-hover .heading .icon > span {\n\t\t\t\t\t\tbackground-color: #65bc7b !important;\n\t\t\t\t\t}\n\t\t\t\t\t.fusion-content-boxes-1 .fusion-content-box-hover .link-area-box-hover .heading .icon > span {\n\t\t\t\t\t\tborder-color: #65bc7b !important;\n\t\t\t\t\t}<\/style><div class=\"fusion-column content-box-column content-box-column content-box-column-1 col-lg-12 col-md-12 col-sm-12 fusion-content-box-hover content-box-column-last content-box-column-last-in-row\"><div class=\"col content-box-wrapper content-wrapper link-area-link-icon content-icon-wrapper-yes icon-hover-animation-fade\" style=\"background-color:rgba(255,255,255,0);\" data-animationOffset=\"top-into-view\"><div class=\"heading heading-with-icon icon-left\"><div aria-hidden=\"true\" class=\"image\"><img class=\"lazyload\" src=\"data:image\/svg+xml,%3Csvg%20xmlns%3D%27http%3A%2F%2Fwww.w3.org%2F2000%2Fsvg%27%20width%3D%2732%27%20height%3D%2732%27%20viewBox%3D%270%200%2032%2032%27%3E%3Crect%20width%3D%2732%27%20height%3D%2732%27%20fill-opacity%3D%220%22%2F%3E%3C%2Fsvg%3E\" data-orig-src=\"http:\/\/bednarekclinic.pl\/wp-content\/uploads\/2022\/08\/favicon.png\" width=\"32\" height=\"32\" alt=\"\" \/><\/div><h2 class=\"content-box-heading\" style=\"font-size:24px;line-height:29px;\">Botulinumtoxin<\/h2><\/div><div class=\"fusion-clearfix\"><\/div><div class=\"content-container\" style=\"color:#4a4e57;\">\n<p>Gesichtsfalten k\u00f6nnen schon in einem relativ jungen Alter auftreten. Sie sind das Ergebnis von Gesichtsmuskelbewegungen und werden besonders bei Menschen mit einer ausdrucksstarken Mimik &#8211; breitem L\u00e4cheln oder Stirnrunzeln &#8211; sichtbar. Der Versuch, bereits entstandene Falten mit normalen Cremes oder Seren zu beseitigen, ist nicht wirksam. Dann empfiehlt sich eine Behandlung mit Botulinumtoxin, das auf die mimischen Falten am Ort ihrer Entstehung, d.h. im Muskel, wirkt.<\/p>\n<p>Zweck der Behandlung: Botulinumtoxin wird in der Medizin unter anderem zur Reduzierung von Gesichtsfalten eingesetzt, d.h. von Falten, die durch die Bewegungen der Gesichtsmuskeln entstehen. Botulinumtoxin l\u00e4hmt die Muskelfunktion oder schw\u00e4cht sie erheblich. Es ist die am h\u00e4ufigsten gew\u00e4hlte Behandlung bei Operationen in der \u00e4sthetischen Medizin. Die ersten Anzeichen der Wirkung sind nach 3-5 Tagen zu sehen, wobei nach 2 Wochen ein kostenloser Nachfolgetermin mit dem Arzt vereinbart wird. Die Wirkung h\u00e4lt 4-6 Monate an und ist vollst\u00e4ndig reversibel. Die regelm\u00e4\u00dfige Anwendung von Botulinumtoxin reduziert bereits entstandene Falten deutlich und verhindert die Bildung neuer Falten.<\/p>\n<p><strong>Ablauf der Behandlung:<\/strong><br \/>\nDie Botulinumtoxin-Injektion selbst dauert 5 Minuten, aber Sie sollten 30 Minuten f\u00fcr den gesamten Besuch reservieren. Der Eingriff wird ohne An\u00e4sthesie durchgef\u00fchrt, aber in Ausnahmef\u00e4llen und auf ausdr\u00fccklichen Wunsch des Patienten verwenden wir eine An\u00e4sthesie in Form einer Creme.<\/p>\n<p>Wirkungen: Die ersten Anzeichen der Wirkung sind nach 3-5 Tagen zu sehen, ein kostenloser Folgetermin beim Arzt wird nach 2 Wochen vereinbart. Die Wirkung h\u00e4lt 4-6 Monate an und ist vollst\u00e4ndig umkehrbar. Bei regelm\u00e4\u00dfiger Anwendung werden bereits gebildete Falten deutlich reduziert und die Bildung neuer Falten verhindert.<\/p>\n<p><strong>Indikationen: <\/strong><\/p>\n<ul>\n<li>Quer verlaufende Stirnfalten<\/li>\n<li>vertikale Falten zwischen den Augenbrauen, die sogenannte &#8222;L\u00f6wenfalte&#8220;<\/li>\n<li>Falten um die Augen, sogenannte &#8222;Kr\u00e4henf\u00fc\u00dfe&#8220;<\/li>\n<li>Hasenfalten, sogenannte &#8222;bunny lines&#8220;<\/li>\n<li>steinernes Kinn<\/li>\n<li>Augenbrauenlifting<\/li>\n<li>Kr\u00e4useln der Oberlippe<\/li>\n<li>gummiartiges L\u00e4cheln, sogenanntes &#8222;gummy smile&#8220;<\/li>\n<li>Bruxismus &#8211; Z\u00e4hneknirschen, Verbreiterung der Kaumuskeln<\/li>\n<li>Falten an Dekollet\u00e9 und Hals<\/li>\n<\/ul>\n<p><strong>Kontraindikationen:<\/strong><\/p>\n<ul>\n<li>Schwangerschaft und Stillen,<\/li>\n<li>Blutgerinnungsst\u00f6rungen,<\/li>\n<li>eine Vorgeschichte von Herzinfarkten,<\/li>\n<li>Herz- und Nierenversagen,<\/li>\n<li>Einsatz von Antibiotika,<\/li>\n<li>Grippe, Erk\u00e4ltungen und Schw\u00e4che des K\u00f6rpers,<\/li>\n<li>Hauterkrankung in dem Bereich, in den Botulinumtoxin injiziert werden soll,<\/li>\n<li>Hautsch\u00e4den.<\/li>\n<\/ul>\n<\/div><\/div><\/div><style type=\"text\/css\">\n\t\t\t\t\t\t.fusion-content-boxes-1 .fusion-content-box-hover .heading-link:hover .icon i.circle-yes,\n\t\t\t\t\t\t.fusion-content-boxes-1 .fusion-content-box-hover .link-area-box:hover .heading-link .icon i.circle-yes,\n\t\t\t\t\t\t.fusion-content-boxes-1 .fusion-content-box-hover .link-area-link-icon-hover .heading .icon i.circle-yes,\n\t\t\t\t\t\t.fusion-content-boxes-1 .fusion-content-box-hover .link-area-box-hover .heading .icon i.circle-yes {\n\t\t\t\t\t\t\tbackground-color: #65bc7b !important;\n\t\t\t\t\t\t\tborder-color: #65bc7b !important;\n\t\t\t\t\t\t}<\/style><div class=\"fusion-clearfix\"><\/div><\/div><div class=\"fusion-text fusion-text-2\"><table class=\"wp-block-table is-style-stripes\">\n<tbody>\n<tr>\n<td><strong>Individuelles Gespr\u00e4ch \u00fcber die Bed\u00fcrfnisse des Kunden, um ein m\u00f6glichst zufriedenstellendes Ergebnis zu erzielen<br \/>\n<\/strong><em><span style=\"font-size: 8pt;\">Azzalure, Allergan Pr\u00e4parate<\/span><\/em><strong><br \/>\n<\/strong><\/td>\n<td><strong>Preis<\/strong><\/td>\n<\/tr>\n<tr>\n<td>Zwischenbrauenfalten &#8222;L\u00f6wenfalte&#8220;<\/td>\n<td><strong>dr Anna<\/strong> 800z\u0142<br \/>\n<strong>dr Nelly<\/strong> 650z\u0142<\/td>\n<\/tr>\n<tr>\n<td>Quer verlaufende Stirnfalten<\/td>\n<td><strong>Dr. Anna<\/strong> PLN 800<br \/>\n<strong>Dr. Nelly<\/strong> PLN 650<\/td>\n<\/tr>\n<tr>\n<td>Falten um die Augenpartie &#8222;Kr\u00e4henf\u00fc\u00dfe&#8220; (beidseitig)<\/td>\n<td><strong>dr Anna<\/strong> PLN 800<br \/>\n<strong>dr Nelly<\/strong> PLN 650<\/td>\n<\/tr>\n<tr>\n<td>Paket mit 2 Bereichen<\/td>\n<td><strong>dr Anna<\/strong> 1200z\u0142<br \/>\n<strong>dr Nelly<\/strong> 1050z\u0142<\/td>\n<\/tr>\n<tr>\n<td>Paket mit 3 Bereichen<\/td>\n<td><strong>dr Anna<\/strong> 1450z\u0142<br \/>\n<strong>dr Nelly<\/strong> 1300z\u0142<\/td>\n<\/tr>\n<tr>\n<td>Falten des Kinns &#8222;steinernes Kinn&#8220;<\/td>\n<td><strong>dr Anna<\/strong> 500z\u0142<br \/>\n<strong>dr Nelly<\/strong> 400z\u0142<\/td>\n<\/tr>\n<tr>\n<td>Augenbrauenlifting<\/td>\n<td><strong>dr Anna<\/strong> 1000z\u0142<br \/>\n<strong>dr Nelly<\/strong> 850z\u0142<\/td>\n<\/tr>\n<tr>\n<td>Vorw\u00f6lbung der Oberlippe &#8222;lip flip&#8220;<\/td>\n<td><strong>dr Anna<\/strong> 500z\u0142<br \/>\n<strong>dr Nelly<\/strong> 400z\u0142<\/td>\n<\/tr>\n<tr>\n<td>Bunny lines&#8220; Falten<\/td>\n<td><strong>dr Anna<\/strong> 500z\u0142<br \/>\n<strong>dr Nelly<\/strong> 400z\u0142<\/td>\n<\/tr>\n<tr>\n<td>Nasenspitzen-Lifting<\/td>\n<td><strong>Dr. Anna<\/strong> 350z\u0142<br \/>\n<strong>Dr. Nelly<\/strong> 250z\u0142<\/td>\n<\/tr>\n<tr>\n<td>Verschm\u00e4lerung der Nasenfl\u00fcgel<\/td>\n<td><strong>Dr. Anna<\/strong> 500PLN<br \/>\n<strong>Dr. Nelly<\/strong> 400PLN<\/td>\n<\/tr>\n<tr>\n<td>Bruxismus<\/td>\n<td><strong>Dr. Anna<\/strong> 1400PLN<br \/>\n<strong>Dr. Nelly<\/strong> 1200PLN<\/td>\n<\/tr>\n<tr>\n<td>Nefretete lift &#8211; Hals- und Kinnstraffung<\/td>\n<td><strong>dr Anna<\/strong> 1700z\u0142<br \/>\n<strong>dr Nelly<\/strong> 1500z\u0142<\/td>\n<\/tr>\n<tr>\n<td>Lifting von Gesicht, Hals und Dekollet\u00e9 &#8222;Full Face &amp; Neck&#8220;<\/td>\n<td><strong>dr Anna<\/strong> 2900z\u0142<br \/>\n<strong>dr Nelly<\/strong> 2700z\u0142<\/td>\n<\/tr>\n<tr>\n<td>Mezo \/ Baby Vollgesicht<\/td>\n<td><strong>Dr. Anna<\/strong> 1200z\u0142<br \/>\n<strong>Dr. Nelly<\/strong> 900z\u0142<\/td>\n<\/tr>\n<tr>\n<td>Meso \/ Baby 3 Bereiche<\/td>\n<td><strong>dr Anna<\/strong> PLN 1000<br \/>\n<strong>dr Nelly<\/strong> PLN 700<\/td>\n<\/tr>\n<tr>\n<td>Hyperhidrose der H\u00e4nde<\/td>\n<td><strong>Dr. Nelly<\/strong> \u00a31200<\/td>\n<\/tr>\n<tr>\n<td>Hyperhidrose der Achselh\u00f6hlen<\/td>\n<td><strong>Dr. Anna<\/strong> 1800z\u0142<br \/>\n<strong>Dr. Nelly<\/strong> 1500z\u0142<\/td>\n<\/tr>\n<tr>\n<td>Hyperhidrosis der F\u00fc\u00dfe<\/td>\n<td><strong>Dr. Nelly<\/strong> 1800PLN<\/td>\n<\/tr>\n<tr>\n<td>Gummiges L\u00e4cheln<\/td>\n<td><strong>dr Anna<\/strong> 500z\u0142<br \/>\n<strong>dr Nelly<\/strong> 400z\u0142<\/td>\n<\/tr>\n<tr>\n<td>H\u00e4ngende Ecken<\/td>\n<td><strong>dr Anna<\/strong> PLN 500<br \/>\n<strong>dr Nelly<\/strong> PLN 400<\/td>\n<\/tr>\n<\/tbody>\n<\/table>\n<\/div><div class=\"fusion-text fusion-text-3\"><table class=\"wp-block-table is-style-stripes\">\n<tbody>\n<tr>\n<td><strong>Das neueste fl\u00fcssige Botulinumtoxin Premium ABO LIQUID, schneller und l\u00e4nger wirkend als Standardtoxine<\/strong><\/td>\n<td><strong>Preis<\/strong><\/td>\n<\/tr>\n<tr>\n<td>Falten um die Augenpartie &#8222;Kr\u00e4henf\u00fc\u00dfe&#8220; (beidseitig)<\/td>\n<td><strong>dr Anna<\/strong> PLN 950<br \/>\n<strong>dr Nelly<\/strong> PLN 850<\/td>\n<\/tr>\n<tr>\n<td>Zwischenbrauenfalten &#8222;L\u00f6wenfalte&#8220;<\/td>\n<td><strong>dr Anna<\/strong> 950z\u0142<br \/>\n<strong>dr Nelly<\/strong> 900z\u0142<\/td>\n<\/tr>\n<tr>\n<td>Quer verlaufende Stirnfalten<\/td>\n<td><strong>Dr. Anna<\/strong> PLN 950<br \/>\n<strong>Dr. Nelly<\/strong> PLN 900<\/td>\n<\/tr>\n<tr>\n<td>Paket mit 2 Bereichen<\/td>\n<td><strong>dr Anna<\/strong> 1350z\u0142<br \/>\n<strong>dr Nelly<\/strong> 1200z\u0142<\/td>\n<\/tr>\n<tr>\n<td>Paket mit 3 Bereichen<\/td>\n<td><strong>dr Anna<\/strong> 1550z\u0142<br \/>\n<strong>dr Nelly<\/strong> 1400z\u0142<\/td>\n<\/tr>\n<\/tbody>\n<\/table>\n<\/div><\/div><style type=\"text\/css\">.fusion-body .fusion-builder-column-1{width:100% !important;margin-top : 0px;margin-bottom : 20px;}.fusion-builder-column-1 > .fusion-column-wrapper {padding-top : 0px !important;padding-right : 0px !important;margin-right : 1.92%;padding-bottom : 0px !important;padding-left : 0px !important;margin-left : 1.92%;}@media only screen and (max-width:1024px) {.fusion-body .fusion-builder-column-1{width:100% !important;order : 0;}.fusion-builder-column-1 > .fusion-column-wrapper {margin-right : 1.92%;margin-left : 1.92%;}}@media only screen and (max-width:640px) {.fusion-body .fusion-builder-column-1{width:100% !important;order : 0;}.fusion-builder-column-1 > .fusion-column-wrapper {margin-right : 1.92%;margin-left : 1.92%;}}<\/style><\/div><\/div><style type=\"text\/css\">.fusion-body .fusion-flex-container.fusion-builder-row-2{ padding-top : 50px;margin-top : 0px;padding-right : 0px;padding-bottom : 30px;margin-bottom : 0px;padding-left : 0px;}<\/style><\/div><\/p>\n","protected":false},"excerpt":{"rendered":"","protected":false},"author":2,"featured_media":0,"parent":0,"menu_order":0,"comment_status":"closed","ping_status":"closed","template":"","meta":{"inline_featured_image":false},"_links":{"self":[{"href":"https:\/\/www.bednarekclinic.pl\/de\/wp-json\/wp\/v2\/pages\/1059"}],"collection":[{"href":"https:\/\/www.bednarekclinic.pl\/de\/wp-json\/wp\/v2\/pages"}],"about":[{"href":"https:\/\/www.bednarekclinic.pl\/de\/wp-json\/wp\/v2\/types\/page"}],"author":[{"embeddable":true,"href":"https:\/\/www.bednarekclinic.pl\/de\/wp-json\/wp\/v2\/users\/2"}],"replies":[{"embeddable":true,"href":"https:\/\/www.bednarekclinic.pl\/de\/wp-json\/wp\/v2\/comments?post=1059"}],"version-history":[{"count":15,"href":"https:\/\/www.bednarekclinic.pl\/de\/wp-json\/wp\/v2\/pages\/1059\/revisions"}],"predecessor-version":[{"id":1801,"href":"https:\/\/www.bednarekclinic.pl\/de\/wp-json\/wp\/v2\/pages\/1059\/revisions\/1801"}],"wp:attachment":[{"href":"https:\/\/www.bednarekclinic.pl\/de\/wp-json\/wp\/v2\/media?parent=1059"}],"curies":[{"name":"wp","href":"https:\/\/api.w.org\/{rel}","templated":true}]}}