{"id":1300,"date":"2025-01-22T16:23:58","date_gmt":"2025-01-22T14:23:58","guid":{"rendered":"https:\/\/www.bednarekclinic.pl\/scarlet-s-mikro-nadel-radiofrequenz-koerper\/"},"modified":"2025-06-18T17:34:04","modified_gmt":"2025-06-18T15:34:04","slug":"scarlet-s-mikro-nadel-radiofrequenz-koerper","status":"publish","type":"page","link":"https:\/\/www.bednarekclinic.pl\/de\/scarlet-s-mikro-nadel-radiofrequenz-koerper\/","title":{"rendered":"Scarlet S Mikro-Nadel Radiofrequenz K\u00f6rper"},"content":{"rendered":"<p><div class=\"fusion-fullwidth fullwidth-box fusion-builder-row-1 fusion-flex-container max-width nonhundred-percent-fullwidth non-hundred-percent-height-scrolling\" style=\"background-color: #000000;background-position: center center;background-repeat: no-repeat;border-width: 0px 0px 0px 0px;border-color:#e2e2e2;border-style:solid;\" ><div class=\"fusion-builder-row fusion-row fusion-flex-align-items-flex-start\" style=\"max-width:1248px;margin-left: calc(-4% \/ 2 );margin-right: calc(-4% \/ 2 );\"><div class=\"fusion-layout-column fusion_builder_column fusion-builder-column-0 fusion_builder_column_1_1 1_1 fusion-flex-column page_title\"><div class=\"fusion-column-wrapper fusion-flex-justify-content-flex-start fusion-content-layout-column\" style=\"background-position:left top;background-repeat:no-repeat;-webkit-background-size:cover;-moz-background-size:cover;-o-background-size:cover;background-size:cover;padding: 0px 0px 0px 0px;\"><div class=\"fusion-text fusion-text-1\"><h1 style=\"text-align: center;\">Scarlet S RF Mikro-Nadel Radiofrequenz f\u00fcr den K\u00f6rper<\/h1>\n<\/div><\/div><style type=\"text\/css\">.fusion-body .fusion-builder-column-0{width:100% !important;margin-top : 0px;margin-bottom : 20px;}.fusion-builder-column-0 > .fusion-column-wrapper {padding-top : 0px !important;padding-right : 0px !important;margin-right : 1.92%;padding-bottom : 0px !important;padding-left : 0px !important;margin-left : 1.92%;}@media only screen and (max-width:1024px) {.fusion-body .fusion-builder-column-0{width:100% !important;order : 0;}.fusion-builder-column-0 > .fusion-column-wrapper {margin-right : 1.92%;margin-left : 1.92%;}}@media only screen and (max-width:640px) {.fusion-body .fusion-builder-column-0{width:100% !important;order : 0;}.fusion-builder-column-0 > .fusion-column-wrapper {margin-right : 1.92%;margin-left : 1.92%;}}<\/style><\/div><\/div><style type=\"text\/css\">.fusion-body .fusion-flex-container.fusion-builder-row-1{ padding-top : 0px;margin-top : 0px;padding-right : 0px;padding-bottom : 0px;margin-bottom : 0px;padding-left : 0px;}<\/style><\/div><div class=\"fusion-fullwidth fullwidth-box fusion-builder-row-2 fusion-flex-container content_width box_big_title nonhundred-percent-fullwidth non-hundred-percent-height-scrolling\" style=\"background-color: rgba(255,255,255,0);background-position: center center;background-repeat: no-repeat;border-width: 0px 0px 0px 0px;border-color:#e2e2e2;border-style:solid;\" ><div class=\"fusion-builder-row fusion-row fusion-flex-align-items-flex-start\" style=\"max-width:1248px;margin-left: calc(-4% \/ 2 );margin-right: calc(-4% \/ 2 );\"><div class=\"fusion-layout-column fusion_builder_column fusion-builder-column-1 fusion_builder_column_1_1 1_1 fusion-flex-column\"><div class=\"fusion-column-wrapper fusion-flex-justify-content-flex-start fusion-content-layout-column\" style=\"background-position:left top;background-repeat:no-repeat;-webkit-background-size:cover;-moz-background-size:cover;-o-background-size:cover;background-size:cover;padding: 0px 0px 0px 0px;\"><div class=\"fusion-content-boxes content-boxes columns row fusion-columns-1 fusion-columns-total-1 fusion-content-boxes-1 content-boxes-icon-with-title content-left\" data-animationOffset=\"top-into-view\" style=\"margin-top:;margin-bottom:;\"><style type=\"text\/css\">.fusion-content-boxes-1 .heading .content-box-heading {color:#212934;}\n\t\t\t\t\t.fusion-content-boxes-1 .fusion-content-box-hover .link-area-link-icon-hover .heading .content-box-heading,\n\t\t\t\t\t.fusion-content-boxes-1 .fusion-content-box-hover .link-area-link-icon-hover .heading .heading-link .content-box-heading,\n\t\t\t\t\t.fusion-content-boxes-1 .fusion-content-box-hover .link-area-box-hover .heading .content-box-heading,\n\t\t\t\t\t.fusion-content-boxes-1 .fusion-content-box-hover .link-area-box-hover .heading .heading-link .content-box-heading,\n\t\t\t\t\t.fusion-content-boxes-1 .fusion-content-box-hover .link-area-link-icon-hover.link-area-box .fusion-read-more,\n\t\t\t\t\t.fusion-content-boxes-1 .fusion-content-box-hover .link-area-link-icon-hover.link-area-box .fusion-read-more::after,\n\t\t\t\t\t.fusion-content-boxes-1 .fusion-content-box-hover .link-area-link-icon-hover.link-area-box .fusion-read-more::before,\n\t\t\t\t\t.fusion-content-boxes-1 .fusion-content-box-hover .fusion-read-more:hover:after,\n\t\t\t\t\t.fusion-content-boxes-1 .fusion-content-box-hover .fusion-read-more:hover:before,\n\t\t\t\t\t.fusion-content-boxes-1 .fusion-content-box-hover .fusion-read-more:hover,\n\t\t\t\t\t.fusion-content-boxes-1 .fusion-content-box-hover .link-area-box-hover.link-area-box .fusion-read-more,\n\t\t\t\t\t.fusion-content-boxes-1 .fusion-content-box-hover .link-area-box-hover.link-area-box .fusion-read-more::after,\n\t\t\t\t\t.fusion-content-boxes-1 .fusion-content-box-hover .link-area-box-hover.link-area-box .fusion-read-more::before,\n\t\t\t\t\t.fusion-content-boxes-1 .fusion-content-box-hover .link-area-link-icon-hover .icon .circle-no,\n\t\t\t\t\t.fusion-content-boxes-1 .heading .heading-link:hover .content-box-heading {\n\t\t\t\t\t\tcolor: #65bc7b;\n\t\t\t\t\t}\n\t\t\t\t\t.fusion-content-boxes-1 .fusion-content-box-hover .link-area-box-hover .icon .circle-no {\n\t\t\t\t\t\tcolor: #65bc7b !important;\n\t\t\t\t\t}.fusion-content-boxes-1 .fusion-content-box-hover .link-area-box.link-area-box-hover .fusion-content-box-button {background: #5aa86c;color: #ffffff;}.fusion-content-boxes-1 .fusion-content-box-hover .link-area-box.link-area-box-hover .fusion-content-box-button .fusion-button-text {color: #ffffff;}\n\t\t\t\t\t.fusion-content-boxes-1 .fusion-content-box-hover .link-area-link-icon-hover .heading .icon > span {\n\t\t\t\t\t\tbackground-color: #65bc7b !important;\n\t\t\t\t\t}\n\t\t\t\t\t.fusion-content-boxes-1 .fusion-content-box-hover .link-area-box-hover .heading .icon > span {\n\t\t\t\t\t\tborder-color: #65bc7b !important;\n\t\t\t\t\t}<\/style><div class=\"fusion-column content-box-column content-box-column content-box-column-1 col-lg-12 col-md-12 col-sm-12 fusion-content-box-hover content-box-column-last content-box-column-last-in-row\"><div class=\"col content-box-wrapper content-wrapper link-area-link-icon content-icon-wrapper-yes icon-hover-animation-fade\" style=\"background-color:rgba(255,255,255,0);\" data-animationOffset=\"top-into-view\"><div class=\"heading heading-with-icon icon-left\"><div aria-hidden=\"true\" class=\"image\"><img class=\"lazyload\" src=\"data:image\/svg+xml,%3Csvg%20xmlns%3D%27http%3A%2F%2Fwww.w3.org%2F2000%2Fsvg%27%20width%3D%2732%27%20height%3D%2732%27%20viewBox%3D%270%200%2032%2032%27%3E%3Crect%20width%3D%2732%27%20height%3D%2732%27%20fill-opacity%3D%220%22%2F%3E%3C%2Fsvg%3E\" data-orig-src=\"http:\/\/bednarekclinic.pl\/wp-content\/uploads\/2022\/08\/favicon.png\" width=\"32\" height=\"32\" alt=\"\" \/><\/div><h2 class=\"content-box-heading\" style=\"font-size:24px;line-height:29px;\">Scarlet S RF Mikro-Nadel Radiofrequenz<\/h2><\/div><div class=\"fusion-clearfix\"><\/div><div class=\"content-container\" style=\"color:#4a4e57;\">\n<p><strong>Scarlet S RF Mikro-Nadel-Radiofrequenz<\/strong> &#8211; eine Revolution in der Hautstraffung am K\u00f6rper Scarlet S RF ist eine fortschrittliche Technologie, die Mikro-Nadeln und <strong>Radiofrequenz<\/strong> (RF) kombiniert, um spektakul\u00e4re Ergebnisse bei der Straffung schlaffer Haut am K\u00f6rper zu erzielen. Die Behandlung wirkt in den tiefen Hautschichten, um die Kollagen- und Elastinproduktion zu stimulieren, was zu einer sichtbaren Verbesserung der Festigkeit, Dichte und Elastizit\u00e4t der Haut f\u00fchrt. Die Behandlung wird besonders nach einer Gewichtsabnahme, nach einer Schwangerschaft und bei Dehnungsstreifen empfohlen.<\/p>\n<p><strong>Vorteile der Scarlet S RF K\u00f6rperbehandlung:<\/strong><\/p>\n<ul>\n<li>Sichtbare Hautstraffung &#8211; Radiowellen regen die Fibroblasten zur Produktion von neuem Kollagen und Elastin an und verbessern so den Hauttonus an Bauch, Armen, Oberschenkeln oder Ges\u00e4\u00df.<\/li>\n<li>Hautverdichtung &#8211; Mikronadeln leiten Energie tief in die Haut ein, st\u00e4rken ihre Struktur und verbessern ihre Elastizit\u00e4t.<\/li>\n<li>Verringerung der Hauterschlaffung &#8211; ideal f\u00fcr alle, die mit schlaffer Haut nach einer Gewichtsabnahme, einer Schwangerschaft oder im Alter zu k\u00e4mpfen haben.<\/li>\n<li>Langfristige Wirkung &#8211; der Regenerationsprozess h\u00e4lt noch mehrere Monate nach der Behandlung an und die Ergebnisse halten lange an.<\/li>\n<li>Verbesserte Hautqualit\u00e4t &#8211; die Haut wird glatter, geschmeidiger und ges\u00fcnder.<\/li>\n<li>Nicht-invasiv &#8211; das Verfahren ist sicher, minimal-invasiv und erfordert eine kurze Erholungszeit.<\/li>\n<li>F\u00fcr verschiedene K\u00f6rperregionen &#8211; perfekt f\u00fcr den Bauch, die Arme, die Oberschenkel, das Ges\u00e4\u00df oder um die Knie.<\/li>\n<\/ul>\n<p><strong>Vorteile der Behandlung von schlaffer Haut am K\u00f6rper:<\/strong><\/p>\n<ul>\n<li>\u00a0Wiederherstellung der Hautdichte und -elastizit\u00e4t.<\/li>\n<li>Verringerung der Hauterschlaffung in Problemzonen wie &#8222;Pelikane&#8220; an den Armen oder schlaffe Haut am Bauch.<\/li>\n<li>Gl\u00e4ttung der Hautoberfl\u00e4che und Verbesserung der Hauttextur.<\/li>\n<li>Wiederherstellung eines j\u00fcngeren und strafferen Aussehens.<\/li>\n<\/ul>\n<p><strong>Behandlungsbereiche:<\/strong><\/p>\n<ul>\n<li>Bauch &#8211; Oberschenkel<\/li>\n<li>Arme (&#8222;Pelikane&#8220;)<\/li>\n<li>R\u00fccken &#8211; Kniebereich<\/li>\n<\/ul>\n<p><strong>Scarlet S RF<\/strong> ist eine ausgezeichnete Wahl f\u00fcr alle, die ihre K\u00f6rperhaut effektiv straffen, die Hauterschlaffung reduzieren und das allgemeine Erscheinungsbild verbessern m\u00f6chten. Die innovative Mikro-Nadel-Radiofrequenztechnologie erm\u00f6glicht eine pr\u00e4zise Wirkung in den tieferen Hautschichten und garantiert so dauerhafte und sichtbare Ergebnisse.<\/p>\n<p><a href=\"https:\/\/www.bednarekclinic.pl\/de\/scarlet-s-rf-mikro-nadel-radiofrequenz\/\"><strong>HIER ERFAHREN SIE MEHR \u00dcBER DIE SCARLET S RF-BEHANDLUNG F\u00dcR GESICHT, HALS UND DEKOLLEKTION<\/strong><\/a><\/p>\n<\/div><\/div><\/div><style type=\"text\/css\">\n\t\t\t\t\t\t.fusion-content-boxes-1 .fusion-content-box-hover .heading-link:hover .icon i.circle-yes,\n\t\t\t\t\t\t.fusion-content-boxes-1 .fusion-content-box-hover .link-area-box:hover .heading-link .icon i.circle-yes,\n\t\t\t\t\t\t.fusion-content-boxes-1 .fusion-content-box-hover .link-area-link-icon-hover .heading .icon i.circle-yes,\n\t\t\t\t\t\t.fusion-content-boxes-1 .fusion-content-box-hover .link-area-box-hover .heading .icon i.circle-yes {\n\t\t\t\t\t\t\tbackground-color: #65bc7b !important;\n\t\t\t\t\t\t\tborder-color: #65bc7b !important;\n\t\t\t\t\t\t}<\/style><div class=\"fusion-clearfix\"><\/div><\/div><div class=\"fusion-text fusion-text-2\"><table class=\"wp-block-table is-style-stripes\">\n<tbody>\n<tr>\n<td><strong>Thermolifting, auch bekannt als nicht-chirurgisches Facelifting<\/strong><\/td>\n<td><strong>Preis<\/strong><\/td>\n<\/tr>\n<tr>\n<td>Gesicht<\/td>\n<td><strong>dr Anna<\/strong>\u00a01800z\u0142 (Serie von 3 Behandlungen 5000z\u0142)<br \/>\n<strong>dr Nelly<\/strong>\u00a01600z\u0142 (Serie von 3 Behandlungen 4200z\u0142)<br \/>\n<strong>Kosmetikerin<\/strong>\u00a01600z\u0142 (Serie von 3 Behandlungen 4200z\u0142)<\/td>\n<\/tr>\n<tr>\n<td>Augenpartie<\/td>\n<td><strong>dr Anna<\/strong>\u00a01200z\u0142 (Serie von 3 Behandlungen 3200z\u0142)<br \/>\n<strong>dr Nelly<\/strong>\u00a01000z\u0142 (Serie von 3 Behandlungen 2800z\u0142)<br \/>\n<strong>Kosmetikerin<\/strong>\u00a01000z\u0142 (Serie von 3 Behandlungen 2800z\u0142)<\/td>\n<\/tr>\n<tr>\n<td>Gesicht + Hals<\/td>\n<td><strong>dr Anna<\/strong>\u00a02400z\u0142 (Serie von 3 Behandlungen 6500z\u0142)<br \/>\n<strong>dr Nelly<\/strong>\u00a02000z\u0142 (Serie von 3 Behandlungen 5600z\u0142)<br \/>\n<strong>Kosmetikerin<\/strong>\u00a02000z\u0142 (Serie von 3 Behandlungen 5600z\u0142)<\/td>\n<\/tr>\n<tr>\n<td>Gesicht + Hals + Dekollet\u00e9<\/td>\n<td><strong>dr Anna<\/strong>\u00a02600z\u0142 (Serie von 3 Behandlungen 7200z\u0142)<br \/>\n<strong>dr Nelly<\/strong>\u00a02200z\u0142 (Serie von 3 Behandlungen 6200z\u0142)<br \/>\n<strong>Kosmetikerin<\/strong>\u00a02200z\u0142 (Serie von 3 Behandlungen 6200z\u0142)<\/td>\n<\/tr>\n<tr>\n<td>Hals<\/td>\n<td><strong>dr Anna<\/strong>\u00a01400z\u0142 (Serie von 3 Behandlungen 3600z\u0142)<br \/>\n<strong>dr Nelly<\/strong>\u00a01200z\u0142 (Serie von 3 Behandlungen 3000z\u0142)<br \/>\n<strong>Kosmetikerin<\/strong>\u00a01200z\u0142 (Serie von 3 Behandlungen 3000z\u0142)<\/td>\n<\/tr>\n<tr>\n<td>Bauch<\/td>\n<td><strong>dr Anna<\/strong>\u00a0\u2013<strong>Dr Nelly<\/strong>\u00a01800z\u0142 (Serie von 3 Behandlungen 4800z\u0142)<br \/>\n<strong>Kosmetikerin<\/strong>\u00a01800z\u0142 (Serie von 3 Behandlungen 4800z\u0142)<\/td>\n<\/tr>\n<tr>\n<td>Oberschenkel 1 Bereich hinten\/ vorne\/ Innenseite der Oberschenkel<\/td>\n<td><strong>dr Anna<\/strong>\u00a0\u2013<strong>Dr Nelly<\/strong>\u00a01800z\u0142 (Serie von 3 Behandlungen 4800z\u0142)<br \/>\n<strong>Kosmetikerin<\/strong>\u00a01800z\u0142 (Serie von 3 Behandlungen 4800z\u0142)<\/td>\n<\/tr>\n<tr>\n<td>Narben \/ Dehnungsstreifen \u2013 Preis wird individuell vom Gebiet bestimmt<\/td>\n<td><strong>dr Anna<\/strong>\u00a0\u2013<strong>Dr Nelly<\/strong>\u00a0ab 800z\u0142 (+)<br \/>\n<strong>Kosmetikerin<\/strong>\u00a0ab 800z\u0142 (+)<\/td>\n<\/tr>\n<tr>\n<td>Gesichtsbehandlung + ASCE+ Exosomen<\/td>\n<td><strong>dr Anna<\/strong>\u00a0\u2013<strong>dr Nelly<\/strong>\u00a02500z\u0142 (Serie von 3 Behandlungen 6900z\u0142)<br \/>\n<strong>Kosmetikerin<\/strong>\u00a02500z\u0142 (Serie von 3 Behandlungen 6900z\u0142)<\/td>\n<\/tr>\n<tr>\n<td>ASCE+ Exosomen<\/td>\n<td>+800z\u0142 zum Grundpreis des Verfahrens<\/td>\n<\/tr>\n<\/tbody>\n<\/table>\n<\/div><\/div><style type=\"text\/css\">.fusion-body .fusion-builder-column-1{width:100% !important;margin-top : 0px;margin-bottom : 20px;}.fusion-builder-column-1 > .fusion-column-wrapper {padding-top : 0px !important;padding-right : 0px !important;margin-right : 1.92%;padding-bottom : 0px !important;padding-left : 0px !important;margin-left : 1.92%;}@media only screen and (max-width:1024px) {.fusion-body .fusion-builder-column-1{width:100% !important;order : 0;}.fusion-builder-column-1 > .fusion-column-wrapper {margin-right : 1.92%;margin-left : 1.92%;}}@media only screen and (max-width:640px) {.fusion-body .fusion-builder-column-1{width:100% !important;order : 0;}.fusion-builder-column-1 > .fusion-column-wrapper {margin-right : 1.92%;margin-left : 1.92%;}}<\/style><\/div><\/div><style type=\"text\/css\">.fusion-body .fusion-flex-container.fusion-builder-row-2{ padding-top : 50px;margin-top : 0px;padding-right : 0px;padding-bottom : 30px;margin-bottom : 0px;padding-left : 0px;}<\/style><\/div><\/p>\n","protected":false},"excerpt":{"rendered":"","protected":false},"author":2,"featured_media":0,"parent":0,"menu_order":0,"comment_status":"closed","ping_status":"closed","template":"","meta":{"inline_featured_image":false},"_links":{"self":[{"href":"https:\/\/www.bednarekclinic.pl\/de\/wp-json\/wp\/v2\/pages\/1300"}],"collection":[{"href":"https:\/\/www.bednarekclinic.pl\/de\/wp-json\/wp\/v2\/pages"}],"about":[{"href":"https:\/\/www.bednarekclinic.pl\/de\/wp-json\/wp\/v2\/types\/page"}],"author":[{"embeddable":true,"href":"https:\/\/www.bednarekclinic.pl\/de\/wp-json\/wp\/v2\/users\/2"}],"replies":[{"embeddable":true,"href":"https:\/\/www.bednarekclinic.pl\/de\/wp-json\/wp\/v2\/comments?post=1300"}],"version-history":[{"count":6,"href":"https:\/\/www.bednarekclinic.pl\/de\/wp-json\/wp\/v2\/pages\/1300\/revisions"}],"predecessor-version":[{"id":1376,"href":"https:\/\/www.bednarekclinic.pl\/de\/wp-json\/wp\/v2\/pages\/1300\/revisions\/1376"}],"wp:attachment":[{"href":"https:\/\/www.bednarekclinic.pl\/de\/wp-json\/wp\/v2\/media?parent=1300"}],"curies":[{"name":"wp","href":"https:\/\/api.w.org\/{rel}","templated":true}]}}