{"id":1678,"date":"2026-03-30T13:57:36","date_gmt":"2026-03-30T11:57:36","guid":{"rendered":"https:\/\/www.bednarekclinic.pl\/kobido-massage\/"},"modified":"2026-03-31T12:09:58","modified_gmt":"2026-03-31T10:09:58","slug":"kobido-massage","status":"publish","type":"page","link":"https:\/\/www.bednarekclinic.pl\/de\/kobido-massage\/","title":{"rendered":"Kobido Massage"},"content":{"rendered":"<p><div class=\"fusion-fullwidth fullwidth-box fusion-builder-row-1 fusion-flex-container max-width nonhundred-percent-fullwidth non-hundred-percent-height-scrolling\" style=\"background-color: #000000;background-position: center center;background-repeat: no-repeat;border-width: 0px 0px 0px 0px;border-color:#e2e2e2;border-style:solid;\" ><div class=\"fusion-builder-row fusion-row fusion-flex-align-items-flex-start\" style=\"max-width:1248px;margin-left: calc(-4% \/ 2 );margin-right: calc(-4% \/ 2 );\"><div class=\"fusion-layout-column fusion_builder_column fusion-builder-column-0 fusion_builder_column_1_1 1_1 fusion-flex-column page_title\"><div class=\"fusion-column-wrapper fusion-flex-justify-content-flex-start fusion-content-layout-column\" style=\"background-position:left top;background-repeat:no-repeat;-webkit-background-size:cover;-moz-background-size:cover;-o-background-size:cover;background-size:cover;padding: 0px 0px 0px 0px;\"><div class=\"fusion-text fusion-text-1\"><h1 style=\"text-align: center;\">Kobido Massage<\/h1>\n<\/div><\/div><style type=\"text\/css\">.fusion-body .fusion-builder-column-0{width:100% !important;margin-top : 0px;margin-bottom : 20px;}.fusion-builder-column-0 > .fusion-column-wrapper {padding-top : 0px !important;padding-right : 0px !important;margin-right : 1.92%;padding-bottom : 0px !important;padding-left : 0px !important;margin-left : 1.92%;}@media only screen and (max-width:1024px) {.fusion-body .fusion-builder-column-0{width:100% !important;order : 0;}.fusion-builder-column-0 > .fusion-column-wrapper {margin-right : 1.92%;margin-left : 1.92%;}}@media only screen and (max-width:640px) {.fusion-body .fusion-builder-column-0{width:100% !important;order : 0;}.fusion-builder-column-0 > .fusion-column-wrapper {margin-right : 1.92%;margin-left : 1.92%;}}<\/style><\/div><\/div><style type=\"text\/css\">.fusion-body .fusion-flex-container.fusion-builder-row-1{ padding-top : 0px;margin-top : 0px;padding-right : 0px;padding-bottom : 0px;margin-bottom : 0px;padding-left : 0px;}<\/style><\/div><div class=\"fusion-fullwidth fullwidth-box fusion-builder-row-2 fusion-flex-container content_width box_big_title nonhundred-percent-fullwidth non-hundred-percent-height-scrolling\" style=\"background-color: rgba(255,255,255,0);background-position: center center;background-repeat: no-repeat;border-width: 0px 0px 0px 0px;border-color:#e2e2e2;border-style:solid;\" ><div class=\"fusion-builder-row fusion-row fusion-flex-align-items-flex-start\" style=\"max-width:1248px;margin-left: calc(-4% \/ 2 );margin-right: calc(-4% \/ 2 );\"><div class=\"fusion-layout-column fusion_builder_column fusion-builder-column-1 fusion_builder_column_1_1 1_1 fusion-flex-column\"><div class=\"fusion-column-wrapper fusion-flex-justify-content-flex-start fusion-content-layout-column\" style=\"background-position:left top;background-repeat:no-repeat;-webkit-background-size:cover;-moz-background-size:cover;-o-background-size:cover;background-size:cover;padding: 0px 0px 0px 0px;\"><div class=\"fusion-content-boxes content-boxes columns row fusion-columns-1 fusion-columns-total-2 fusion-content-boxes-1 content-boxes-icon-with-title content-left\" data-animationOffset=\"top-into-view\" style=\"margin-top:;margin-bottom:;\"><style type=\"text\/css\">.fusion-content-boxes-1 .heading .content-box-heading {color:#212934;}\n\t\t\t\t\t.fusion-content-boxes-1 .fusion-content-box-hover .link-area-link-icon-hover .heading .content-box-heading,\n\t\t\t\t\t.fusion-content-boxes-1 .fusion-content-box-hover .link-area-link-icon-hover .heading .heading-link .content-box-heading,\n\t\t\t\t\t.fusion-content-boxes-1 .fusion-content-box-hover .link-area-box-hover .heading .content-box-heading,\n\t\t\t\t\t.fusion-content-boxes-1 .fusion-content-box-hover .link-area-box-hover .heading .heading-link .content-box-heading,\n\t\t\t\t\t.fusion-content-boxes-1 .fusion-content-box-hover .link-area-link-icon-hover.link-area-box .fusion-read-more,\n\t\t\t\t\t.fusion-content-boxes-1 .fusion-content-box-hover .link-area-link-icon-hover.link-area-box .fusion-read-more::after,\n\t\t\t\t\t.fusion-content-boxes-1 .fusion-content-box-hover .link-area-link-icon-hover.link-area-box .fusion-read-more::before,\n\t\t\t\t\t.fusion-content-boxes-1 .fusion-content-box-hover .fusion-read-more:hover:after,\n\t\t\t\t\t.fusion-content-boxes-1 .fusion-content-box-hover .fusion-read-more:hover:before,\n\t\t\t\t\t.fusion-content-boxes-1 .fusion-content-box-hover .fusion-read-more:hover,\n\t\t\t\t\t.fusion-content-boxes-1 .fusion-content-box-hover .link-area-box-hover.link-area-box .fusion-read-more,\n\t\t\t\t\t.fusion-content-boxes-1 .fusion-content-box-hover .link-area-box-hover.link-area-box .fusion-read-more::after,\n\t\t\t\t\t.fusion-content-boxes-1 .fusion-content-box-hover .link-area-box-hover.link-area-box .fusion-read-more::before,\n\t\t\t\t\t.fusion-content-boxes-1 .fusion-content-box-hover .link-area-link-icon-hover .icon .circle-no,\n\t\t\t\t\t.fusion-content-boxes-1 .heading .heading-link:hover .content-box-heading {\n\t\t\t\t\t\tcolor: #65bc7b;\n\t\t\t\t\t}\n\t\t\t\t\t.fusion-content-boxes-1 .fusion-content-box-hover .link-area-box-hover .icon .circle-no {\n\t\t\t\t\t\tcolor: #65bc7b !important;\n\t\t\t\t\t}.fusion-content-boxes-1 .fusion-content-box-hover .link-area-box.link-area-box-hover .fusion-content-box-button {background: #5aa86c;color: #ffffff;}.fusion-content-boxes-1 .fusion-content-box-hover .link-area-box.link-area-box-hover .fusion-content-box-button .fusion-button-text {color: #ffffff;}\n\t\t\t\t\t.fusion-content-boxes-1 .fusion-content-box-hover .link-area-link-icon-hover .heading .icon > span {\n\t\t\t\t\t\tbackground-color: #65bc7b !important;\n\t\t\t\t\t}\n\t\t\t\t\t.fusion-content-boxes-1 .fusion-content-box-hover .link-area-box-hover .heading .icon > span {\n\t\t\t\t\t\tborder-color: #65bc7b !important;\n\t\t\t\t\t}<\/style><div class=\"fusion-column content-box-column content-box-column content-box-column-1 col-lg-12 col-md-12 col-sm-12 fusion-content-box-hover content-box-column-last-in-row\"><div class=\"col content-box-wrapper content-wrapper link-area-link-icon content-icon-wrapper-yes icon-hover-animation-fade\" style=\"background-color:rgba(255,255,255,0);\" data-animationOffset=\"top-into-view\"><div class=\"heading heading-with-icon icon-left\"><div aria-hidden=\"true\" class=\"image\"><img class=\"lazyload\" src=\"data:image\/svg+xml,%3Csvg%20xmlns%3D%27http%3A%2F%2Fwww.w3.org%2F2000%2Fsvg%27%20width%3D%2732%27%20height%3D%2732%27%20viewBox%3D%270%200%2032%2032%27%3E%3Crect%20width%3D%2732%27%20height%3D%2732%27%20fill-opacity%3D%220%22%2F%3E%3C%2Fsvg%3E\" data-orig-src=\"http:\/\/bednarekclinic.pl\/wp-content\/uploads\/2022\/08\/favicon.png\" width=\"32\" height=\"32\" alt=\"\" \/><\/div><h2 class=\"content-box-heading\" style=\"font-size:24px;line-height:29px;\">Kobido<\/h2><\/div><div class=\"fusion-clearfix\"><\/div><div class=\"content-container\" style=\"color:#4a4e57;\">\n<p><strong>Die Kobido-Massage<\/strong> ist ein einzigartiges japanisches Lifting-Ritual, das fortschrittliche manuelle Techniken mit tiefer Entspannung kombiniert. Sie wird oft als nat\u00fcrliches Facelifting bezeichnet, weil sie auf nicht-invasive Weise den Hauttonus verbessert, die Durchblutung anregt und die nat\u00fcrlichen Regenerationsprozesse des K\u00f6rpers unterst\u00fctzt. <\/p>\n<p>W\u00e4hrend der Behandlung stimulieren intensive und doch pr\u00e4zise Massagetechniken die Gesichtsmuskeln, verbessern die Mikrozirkulation und den Lymphfluss. Das Ergebnis: Die Haut wird straffer, strahlender und besser mit Sauerstoff versorgt. Regelm\u00e4\u00dfige Massagen helfen, das Erscheinungsbild von Falten zu reduzieren, das Oval des Gesichts zu verbessern und Schwellungen zu verringern.  <\/p>\n<p>Die Kobido-Massage ist auch eine hervorragende Erg\u00e4nzung zu kosmetologischen und \u00e4sthetisch-medizinischen Behandlungen. Sie unterst\u00fctzt die Wirkung der Hauttherapie, verbessert den Zustand der Haut und beschleunigt die Regenerationsprozesse, so dass die Ergebnisse anderer Behandlungen noch sichtbarer und nachhaltiger sein k\u00f6nnen. <\/p>\n<p>Es ist jedoch nicht nur eine Behandlung f\u00fcr die Haut. Kobido hat auch eine tief entspannende Wirkung auf das Nervensystem. Es hilft, Spannungen, Stress und M\u00fcdigkeit abzubauen und wirkt sich positiv auf die Psyche, das Wohlbefinden und das innere Gleichgewicht aus. Es ist ein Moment f\u00fcr K\u00f6rper, Geist und Seele &#8211; ein wahres Ritual der Regeneration.   <\/p>\n<p><strong>Vorteile der Kobido-Massage:<\/strong><\/p>\n<ul>\n<li>Nat\u00fcrlicher Lifting-Effekt f\u00fcr das Gesicht<\/li>\n<li>Verbesserung der Gesichtskonturen und des Hauttons<\/li>\n<li>Reduzierung von Falten und Anzeichen von M\u00fcdigkeit<\/li>\n<li>Reduzierung von Schwellungen und Schwellungen<\/li>\n<li>die Durchblutung und Sauerstoffversorgung der Haut verbessern<\/li>\n<li>Tiefenentspannung und Stressabbau<\/li>\n<li>Unterst\u00fctzung bei der Wirkung von kosmetischen und \u00e4sthetischen Behandlungen<\/li>\n<\/ul>\n<\/div><\/div><\/div><div class=\"fusion-column content-box-column content-box-column content-box-column-2 col-lg-12 col-md-12 col-sm-12 fusion-content-box-hover content-box-column-last content-box-column-last-in-row\"><div class=\"col content-box-wrapper content-wrapper link-area-link-icon content-icon-wrapper-yes icon-hover-animation-fade\" style=\"background-color:rgba(255,255,255,0);\" data-animationOffset=\"top-into-view\"><div class=\"heading heading-with-icon icon-left\"><div aria-hidden=\"true\" class=\"image\"><img class=\"lazyload\" src=\"data:image\/svg+xml,%3Csvg%20xmlns%3D%27http%3A%2F%2Fwww.w3.org%2F2000%2Fsvg%27%20width%3D%2732%27%20height%3D%2732%27%20viewBox%3D%270%200%2032%2032%27%3E%3Crect%20width%3D%2732%27%20height%3D%2732%27%20fill-opacity%3D%220%22%2F%3E%3C%2Fsvg%3E\" data-orig-src=\"http:\/\/bednarekclinic.pl\/wp-content\/uploads\/2022\/08\/favicon.png\" width=\"32\" height=\"32\" alt=\"\" \/><\/div><h2 class=\"content-box-heading\" style=\"font-size:24px;line-height:29px;\">Kobido + Pflege  <\/h2><\/div><div class=\"fusion-clearfix\"><\/div><div class=\"content-container\" style=\"color:#4a4e57;\">\n<p><strong>Die Kobido-Behandlung<\/strong> mit Pflege ist ein umfangreiches Ritual, das eine intensive Lifting-Massage mit professioneller Gesichtspflege kombiniert. Sie ist ideal f\u00fcr alle, die nicht nur den Tonus und das Aussehen ihrer Haut verbessern, sondern auch f\u00fcr eine tiefgreifende Ern\u00e4hrung und Regeneration sorgen m\u00f6chten. <\/p>\n<p>Das Ritual beginnt mit einer Hautreinigung, gefolgt von einer 75-min\u00fctigen Kobido-Massage, die die Gesichtsmuskeln stimuliert, die Mikrozirkulation verbessert und die nat\u00fcrlichen Regenerationsprozesse der Haut unterst\u00fctzt.<\/p>\n<p>Die n\u00e4chste Phase des Rituals umfasst die Anwendung einer auf die Haut abgestimmten Pflege. Je nach den Bed\u00fcrfnissen der Haut werden sanfte Peelings aufgetragen, um die Haut zu reinigen, abgestorbene Hautsch\u00fcppchen zu entfernen und sie auf die n\u00e4chsten Schritte des Rituals vorzubereiten. Anschlie\u00dfend werden professionelle Masken aufgetragen &#8211; intensiv feuchtigkeitsspendend, revitalisierend oder regenerierend -, die individuell auf den Hautzustand abgestimmt sind.  <\/p>\n<p>Die Kombination aus Massage und ausgew\u00e4hlter Pflege l\u00e4sst die Wirkstoffe der Kosmetik tiefer eindringen und noch effektiver wirken.<\/p>\n<p>Die Behandlung verbessert nicht nur das Aussehen der Haut, sondern hilft auch, Spannungen, Stress und M\u00fcdigkeit abzubauen. Sie hat eine entspannende Wirkung auf den ganzen K\u00f6rper und wirkt sich positiv auf die Stimmung und das innere Gleichgewicht aus. <\/p>\n<p><strong>Auswirkungen der Behandlung:<\/strong><\/p>\n<ul>\n<li>Sichtbar straffere und strahlendere Haut<\/li>\n<li>Tiefe Hydratation und Ern\u00e4hrung der Haut<\/li>\n<li>Reduzierung von Falten und Anzeichen von M\u00fcdigkeit<\/li>\n<li>Verringerung der Schwellung und Verbesserung des Gesichtsovals<\/li>\n<li>bessere Aufnahme von Wirkstoffen aus Kosmetika<\/li>\n<\/ul>\n<p>tiefe Entspannung und verbessertes Wohlbefinden<\/p>\n<\/div><\/div><\/div><style type=\"text\/css\">\n\t\t\t\t\t\t.fusion-content-boxes-1 .fusion-content-box-hover .heading-link:hover .icon i.circle-yes,\n\t\t\t\t\t\t.fusion-content-boxes-1 .fusion-content-box-hover .link-area-box:hover .heading-link .icon i.circle-yes,\n\t\t\t\t\t\t.fusion-content-boxes-1 .fusion-content-box-hover .link-area-link-icon-hover .heading .icon i.circle-yes,\n\t\t\t\t\t\t.fusion-content-boxes-1 .fusion-content-box-hover .link-area-box-hover .heading .icon i.circle-yes {\n\t\t\t\t\t\t\tbackground-color: #65bc7b !important;\n\t\t\t\t\t\t\tborder-color: #65bc7b !important;\n\t\t\t\t\t\t}<\/style><div class=\"fusion-clearfix\"><\/div><\/div><div class=\"fusion-text fusion-text-2\"><table class=\"wp-block-table is-style-stripes\">\n<tbody>\n<tr>\n<td><strong>Kobido Massage<\/strong><\/td>\n<td><strong>Preis<\/strong><\/td>\n<\/tr>\n<tr>\n<td>Kobido 75min (1h, 15 min)<\/td>\n<td>350z\u0142<\/td>\n<\/tr>\n<tr>\n<td>Kobido + Pflege 105min (1h 45min)<\/td>\n<td>490z\u0142<\/td>\n<\/tr>\n<tr>\n<td>Paket 5 kobido<\/td>\n<td>1500z\u0142<\/td>\n<\/tr>\n<tr>\n<td>Paket 5 kobido + Pflege<\/td>\n<td>2100z\u0142<\/td>\n<\/tr>\n<\/tbody>\n<\/table>\n<\/div><\/div><style type=\"text\/css\">.fusion-body .fusion-builder-column-1{width:100% !important;margin-top : 0px;margin-bottom : 20px;}.fusion-builder-column-1 > .fusion-column-wrapper {padding-top : 0px !important;padding-right : 0px !important;margin-right : 1.92%;padding-bottom : 0px !important;padding-left : 0px !important;margin-left : 1.92%;}@media only screen and (max-width:1024px) {.fusion-body .fusion-builder-column-1{width:100% !important;order : 0;}.fusion-builder-column-1 > .fusion-column-wrapper {margin-right : 1.92%;margin-left : 1.92%;}}@media only screen and (max-width:640px) {.fusion-body .fusion-builder-column-1{width:100% !important;order : 0;}.fusion-builder-column-1 > .fusion-column-wrapper {margin-right : 1.92%;margin-left : 1.92%;}}<\/style><\/div><\/div><style type=\"text\/css\">.fusion-body .fusion-flex-container.fusion-builder-row-2{ padding-top : 50px;margin-top : 0px;padding-right : 0px;padding-bottom : 30px;margin-bottom : 0px;padding-left : 0px;}<\/style><\/div><\/p>\n","protected":false},"excerpt":{"rendered":"","protected":false},"author":2,"featured_media":0,"parent":0,"menu_order":0,"comment_status":"closed","ping_status":"closed","template":"","meta":{"inline_featured_image":false},"_links":{"self":[{"href":"https:\/\/www.bednarekclinic.pl\/de\/wp-json\/wp\/v2\/pages\/1678"}],"collection":[{"href":"https:\/\/www.bednarekclinic.pl\/de\/wp-json\/wp\/v2\/pages"}],"about":[{"href":"https:\/\/www.bednarekclinic.pl\/de\/wp-json\/wp\/v2\/types\/page"}],"author":[{"embeddable":true,"href":"https:\/\/www.bednarekclinic.pl\/de\/wp-json\/wp\/v2\/users\/2"}],"replies":[{"embeddable":true,"href":"https:\/\/www.bednarekclinic.pl\/de\/wp-json\/wp\/v2\/comments?post=1678"}],"version-history":[{"count":4,"href":"https:\/\/www.bednarekclinic.pl\/de\/wp-json\/wp\/v2\/pages\/1678\/revisions"}],"predecessor-version":[{"id":1689,"href":"https:\/\/www.bednarekclinic.pl\/de\/wp-json\/wp\/v2\/pages\/1678\/revisions\/1689"}],"wp:attachment":[{"href":"https:\/\/www.bednarekclinic.pl\/de\/wp-json\/wp\/v2\/media?parent=1678"}],"curies":[{"name":"wp","href":"https:\/\/api.w.org\/{rel}","templated":true}]}}