{"id":812,"date":"2022-08-24T14:36:14","date_gmt":"2022-08-24T12:36:14","guid":{"rendered":"https:\/\/www.bednarekclinic.pl\/angebot\/"},"modified":"2025-01-22T15:13:43","modified_gmt":"2025-01-22T13:13:43","slug":"angebot","status":"publish","type":"page","link":"https:\/\/www.bednarekclinic.pl\/de\/angebot\/","title":{"rendered":"Angebot"},"content":{"rendered":"<p><div class=\"fusion-fullwidth fullwidth-box fusion-builder-row-1 fusion-flex-container max-width nonhundred-percent-fullwidth non-hundred-percent-height-scrolling\" style=\"background-color: #000000;background-position: center center;background-repeat: no-repeat;border-width: 0px 0px 0px 0px;border-color:#e2e2e2;border-style:solid;\" ><div class=\"fusion-builder-row fusion-row fusion-flex-align-items-flex-start\" style=\"max-width:1248px;margin-left: calc(-4% \/ 2 );margin-right: calc(-4% \/ 2 );\"><div class=\"fusion-layout-column fusion_builder_column fusion-builder-column-0 fusion_builder_column_1_1 1_1 fusion-flex-column page_title\"><div class=\"fusion-column-wrapper fusion-flex-justify-content-flex-start fusion-content-layout-column\" style=\"background-position:left top;background-repeat:no-repeat;-webkit-background-size:cover;-moz-background-size:cover;-o-background-size:cover;background-size:cover;padding: 0px 0px 0px 0px;\"><div class=\"fusion-text fusion-text-1\"><p style=\"text-align: center;\">Gehen Sie zu dem entsprechenden Abschnitt<\/p>\n<\/div><\/div><style type=\"text\/css\">.fusion-body .fusion-builder-column-0{width:100% !important;margin-top : 0px;margin-bottom : 20px;}.fusion-builder-column-0 > .fusion-column-wrapper {padding-top : 0px !important;padding-right : 0px !important;margin-right : 1.92%;padding-bottom : 0px !important;padding-left : 0px !important;margin-left : 1.92%;}@media only screen and (max-width:1024px) {.fusion-body .fusion-builder-column-0{width:100% !important;order : 0;}.fusion-builder-column-0 > .fusion-column-wrapper {margin-right : 1.92%;margin-left : 1.92%;}}@media only screen and (max-width:640px) {.fusion-body .fusion-builder-column-0{width:100% !important;order : 0;}.fusion-builder-column-0 > .fusion-column-wrapper {margin-right : 1.92%;margin-left : 1.92%;}}<\/style><\/div><\/div><style type=\"text\/css\">.fusion-body .fusion-flex-container.fusion-builder-row-1{ padding-top : 0px;margin-top : 0px;padding-right : 0px;padding-bottom : 0px;margin-bottom : 0px;padding-left : 0px;}<\/style><\/div><div class=\"fusion-fullwidth fullwidth-box fusion-builder-row-2 fusion-flex-container content_width nonhundred-percent-fullwidth non-hundred-percent-height-scrolling\" style=\"background-color: rgba(255,255,255,0);background-position: center center;background-repeat: no-repeat;border-width: 0px 0px 0px 0px;border-color:#e2e2e2;border-style:solid;\" ><div class=\"fusion-builder-row fusion-row fusion-flex-align-items-flex-start\" style=\"max-width:1248px;margin-left: calc(-4% \/ 2 );margin-right: calc(-4% \/ 2 );\"><div class=\"fusion-layout-column fusion_builder_column fusion-builder-column-1 fusion_builder_column_1_3 1_3 fusion-flex-column box_main\"><div class=\"fusion-column-wrapper lazyload fusion-flex-justify-content-flex-start fusion-content-layout-column fusion-empty-dims-bg-image\" style=\"background-position:center center;background-repeat:no-repeat;-webkit-background-size:cover;-moz-background-size:cover;-o-background-size:cover;background-size:cover;padding: 10% 30px 0px 30px;\" data-bg-url=\"http:\/\/bednarekclinic.pl\/wp-content\/uploads\/2022\/08\/medest_main.jpg\" data-bg=\"http:\/\/bednarekclinic.pl\/wp-content\/uploads\/2022\/08\/medest_main.jpg\"><div class=\"fusion-text fusion-text-2 box_title\"><p style=\"text-align: center;\">\u00c4STHETISCHE MEDIZIN<\/p>\n<\/div><div class=\"fusion-text fusion-text-3 box_text\"><p style=\"text-align: left;\">Wir zeichnen uns durch unser breites Angebot an Behandlungen im Bereich der \u00e4sthetischen Medizin, die individuelle Betreuung der Patienten, die Auswahl der besten Behandlungen und Pr\u00e4parate von h\u00f6chster Qualit\u00e4t aus. Die Behandlungen werden von der \u00c4rztin f\u00fcr \u00e4sthetische Medizin Anna Bednarek-Mulawa durchgef\u00fchrt. <\/p>\n<\/div><div style=\"text-align:center;\"><style type=\"text\/css\">.fusion-button.button-1 {border-radius:4px;}<\/style><a class=\"fusion-button button-flat fusion-button-default-size button-default button-1 fusion-button-default-span fusion-button-default-type box_button\" target=\"_self\" rel=\"nofollow\" href=\"http:\/\/bednarekclinic.pl\/medycyna-estetyczna\/\"><span class=\"fusion-button-text\">MEHR<\/span><\/a><\/div><\/div><style type=\"text\/css\">.fusion-body .fusion-builder-column-1{width:33.333333333333% !important;margin-top : 0px;margin-bottom : 20px;}.fusion-builder-column-1 > .fusion-column-wrapper {padding-top : 10% !important;padding-right : 30px !important;margin-right : 5.76%;padding-bottom : 0px !important;padding-left : 30px !important;margin-left : 5.76%;}@media only screen and (max-width:1024px) {.fusion-body .fusion-builder-column-1{width:33.333333333333% !important;order : 0;}.fusion-builder-column-1 > .fusion-column-wrapper {margin-right : 5.76%;margin-left : 5.76%;}}@media only screen and (min-width:1024px) {.fusion-body .fusion-builder-column-1 .fusion-empty-dims-img-placeholder { display: none; }}@media only screen and (max-width:640px) {.fusion-body .fusion-builder-column-1{width:100% !important;order : 0;}.fusion-builder-column-1 > .fusion-column-wrapper {margin-right : 1.92%;margin-left : 1.92%;}}<\/style><\/div><div class=\"fusion-layout-column fusion_builder_column fusion-builder-column-2 fusion_builder_column_1_3 1_3 fusion-flex-column box_main\"><div class=\"fusion-column-wrapper lazyload fusion-flex-justify-content-flex-start fusion-content-layout-column fusion-empty-dims-bg-image\" style=\"background-position:center center;background-repeat:no-repeat;-webkit-background-size:cover;-moz-background-size:cover;-o-background-size:cover;background-size:cover;padding: 10% 30px 0px 30px;\" data-bg-url=\"http:\/\/bednarekclinic.pl\/wp-content\/uploads\/2022\/08\/kosm_main.jpg\" data-bg=\"http:\/\/bednarekclinic.pl\/wp-content\/uploads\/2022\/08\/kosm_main.jpg\"><div class=\"fusion-text fusion-text-4 box_title\"><p style=\"text-align: center;\">KOSMETOLOGIE<\/p>\n<\/div><div class=\"fusion-text fusion-text-5 box_text\"><p style=\"text-align: left;\">Pflegen Sie Ihre Haut mit den L\u00f6sungen, die die Kosmetologie bietet. Ein breites Angebot an nicht-invasiven Behandlungen, kosmetologischen Beratungen und Hautpflegepl\u00e4nen. Die kosmetologischen Behandlungen werden von der Kosmetologin Daria Wili\u0144ska durchgef\u00fchrt.  <\/p>\n<\/div><div style=\"text-align:center;\"><style type=\"text\/css\">.fusion-button.button-2 {border-radius:4px;}<\/style><a class=\"fusion-button button-flat fusion-button-default-size button-default button-2 fusion-button-default-span fusion-button-default-type box_button\" target=\"_self\" rel=\"nofollow\" href=\"http:\/\/bednarekclinic.pl\/kosmetologia\/\"><span class=\"fusion-button-text\">MEHR<\/span><\/a><\/div><\/div><style type=\"text\/css\">.fusion-body .fusion-builder-column-2{width:33.333333333333% !important;margin-top : 0px;margin-bottom : 20px;}.fusion-builder-column-2 > .fusion-column-wrapper {padding-top : 10% !important;padding-right : 30px !important;margin-right : 5.76%;padding-bottom : 0px !important;padding-left : 30px !important;margin-left : 5.76%;}@media only screen and (max-width:1024px) {.fusion-body .fusion-builder-column-2{width:33.333333333333% !important;order : 0;}.fusion-builder-column-2 > .fusion-column-wrapper {margin-right : 5.76%;margin-left : 5.76%;}}@media only screen and (min-width:1024px) {.fusion-body .fusion-builder-column-2 .fusion-empty-dims-img-placeholder { display: none; }}@media only screen and (max-width:640px) {.fusion-body .fusion-builder-column-2{width:100% !important;order : 0;}.fusion-builder-column-2 > .fusion-column-wrapper {margin-right : 1.92%;margin-left : 1.92%;}}<\/style><\/div><div class=\"fusion-layout-column fusion_builder_column fusion-builder-column-3 fusion_builder_column_1_3 1_3 fusion-flex-column box_main\"><div class=\"fusion-column-wrapper lazyload fusion-flex-justify-content-flex-start fusion-content-layout-column fusion-empty-dims-bg-image\" style=\"background-position:center center;background-repeat:no-repeat;-webkit-background-size:cover;-moz-background-size:cover;-o-background-size:cover;background-size:cover;padding: 10% 30px 0px 30px;\" data-bg-url=\"http:\/\/bednarekclinic.pl\/wp-content\/uploads\/2022\/08\/derm_main.jpg\" data-bg=\"http:\/\/bednarekclinic.pl\/wp-content\/uploads\/2022\/08\/derm_main.jpg\"><div class=\"fusion-text fusion-text-6 box_title\"><p style=\"text-align: center;\">DERMATOLOGIE<\/p>\n<\/div><div class=\"fusion-text fusion-text-7 box_text\"><p style=\"text-align: left;\">Dermatologische Beratung, \u00e4sthetische Dermatologie, bietet modernste Ger\u00e4te von h\u00f6chster Qualit\u00e4t, nicht-ablative fraktionierte Laser, Entfernung von Hautl\u00e4sionen.<\/p>\n<\/div><div style=\"text-align:center;\"><style type=\"text\/css\">.fusion-button.button-3 {border-radius:4px;}<\/style><a class=\"fusion-button button-flat fusion-button-default-size button-default button-3 fusion-button-default-span fusion-button-default-type box_button\" target=\"_self\" rel=\"nofollow\" href=\"http:\/\/bednarekclinic.pl\/dermatologia\/\"><span class=\"fusion-button-text\">MEHR<\/span><\/a><\/div><\/div><style type=\"text\/css\">.fusion-body .fusion-builder-column-3{width:33.333333333333% !important;margin-top : 0px;margin-bottom : 20px;}.fusion-builder-column-3 > .fusion-column-wrapper {padding-top : 10% !important;padding-right : 30px !important;margin-right : 5.76%;padding-bottom : 0px !important;padding-left : 30px !important;margin-left : 5.76%;}@media only screen and (max-width:1024px) {.fusion-body .fusion-builder-column-3{width:33.333333333333% !important;order : 0;}.fusion-builder-column-3 > .fusion-column-wrapper {margin-right : 5.76%;margin-left : 5.76%;}}@media only screen and (min-width:1024px) {.fusion-body .fusion-builder-column-3 .fusion-empty-dims-img-placeholder { display: none; }}@media only screen and (max-width:640px) {.fusion-body .fusion-builder-column-3{width:100% !important;order : 0;}.fusion-builder-column-3 > .fusion-column-wrapper {margin-right : 1.92%;margin-left : 1.92%;}}<\/style><\/div><\/div><style type=\"text\/css\">.fusion-body .fusion-flex-container.fusion-builder-row-2{ padding-top : 50px;margin-top : 0px;padding-right : 0px;padding-bottom : 30px;margin-bottom : 0px;padding-left : 0px;}<\/style><\/div><\/p>\n","protected":false},"excerpt":{"rendered":"","protected":false},"author":2,"featured_media":0,"parent":0,"menu_order":0,"comment_status":"closed","ping_status":"closed","template":"","meta":{"inline_featured_image":false},"_links":{"self":[{"href":"https:\/\/www.bednarekclinic.pl\/de\/wp-json\/wp\/v2\/pages\/812"}],"collection":[{"href":"https:\/\/www.bednarekclinic.pl\/de\/wp-json\/wp\/v2\/pages"}],"about":[{"href":"https:\/\/www.bednarekclinic.pl\/de\/wp-json\/wp\/v2\/types\/page"}],"author":[{"embeddable":true,"href":"https:\/\/www.bednarekclinic.pl\/de\/wp-json\/wp\/v2\/users\/2"}],"replies":[{"embeddable":true,"href":"https:\/\/www.bednarekclinic.pl\/de\/wp-json\/wp\/v2\/comments?post=812"}],"version-history":[{"count":2,"href":"https:\/\/www.bednarekclinic.pl\/de\/wp-json\/wp\/v2\/pages\/812\/revisions"}],"predecessor-version":[{"id":816,"href":"https:\/\/www.bednarekclinic.pl\/de\/wp-json\/wp\/v2\/pages\/812\/revisions\/816"}],"wp:attachment":[{"href":"https:\/\/www.bednarekclinic.pl\/de\/wp-json\/wp\/v2\/media?parent=812"}],"curies":[{"name":"wp","href":"https:\/\/api.w.org\/{rel}","templated":true}]}}