{"id":946,"date":"2024-10-29T20:26:13","date_gmt":"2024-10-29T18:26:13","guid":{"rendered":"https:\/\/www.bednarekclinic.pl\/augenlidplastik-und-chirurgie\/"},"modified":"2025-04-10T17:19:06","modified_gmt":"2025-04-10T15:19:06","slug":"augenlidplastik-und-chirurgie","status":"publish","type":"page","link":"https:\/\/www.bednarekclinic.pl\/de\/augenlidplastik-und-chirurgie\/","title":{"rendered":"Augenlidplastik und -chirurgie"},"content":{"rendered":"<p><div class=\"fusion-fullwidth fullwidth-box fusion-builder-row-1 fusion-flex-container max-width nonhundred-percent-fullwidth non-hundred-percent-height-scrolling\" style=\"background-color: #000000;background-position: center center;background-repeat: no-repeat;border-width: 0px 0px 0px 0px;border-color:#e2e2e2;border-style:solid;\" ><div class=\"fusion-builder-row fusion-row fusion-flex-align-items-flex-start\" style=\"max-width:1248px;margin-left: calc(-4% \/ 2 );margin-right: calc(-4% \/ 2 );\"><div class=\"fusion-layout-column fusion_builder_column fusion-builder-column-0 fusion_builder_column_1_1 1_1 fusion-flex-column page_title\"><div class=\"fusion-column-wrapper fusion-flex-justify-content-flex-start fusion-content-layout-column\" style=\"background-position:left top;background-repeat:no-repeat;-webkit-background-size:cover;-moz-background-size:cover;-o-background-size:cover;background-size:cover;padding: 0px 0px 0px 0px;\"><div class=\"fusion-text fusion-text-1\"><h1 style=\"text-align: center;\">Augenlidplastik und -chirurgie<\/h1>\n<\/div><\/div><style type=\"text\/css\">.fusion-body .fusion-builder-column-0{width:100% !important;margin-top : 0px;margin-bottom : 20px;}.fusion-builder-column-0 > .fusion-column-wrapper {padding-top : 0px !important;padding-right : 0px !important;margin-right : 1.92%;padding-bottom : 0px !important;padding-left : 0px !important;margin-left : 1.92%;}@media only screen and (max-width:1024px) {.fusion-body .fusion-builder-column-0{width:100% !important;order : 0;}.fusion-builder-column-0 > .fusion-column-wrapper {margin-right : 1.92%;margin-left : 1.92%;}}@media only screen and (max-width:640px) {.fusion-body .fusion-builder-column-0{width:100% !important;order : 0;}.fusion-builder-column-0 > .fusion-column-wrapper {margin-right : 1.92%;margin-left : 1.92%;}}<\/style><\/div><\/div><style type=\"text\/css\">.fusion-body .fusion-flex-container.fusion-builder-row-1{ padding-top : 0px;margin-top : 0px;padding-right : 0px;padding-bottom : 0px;margin-bottom : 0px;padding-left : 0px;}<\/style><\/div><div class=\"fusion-fullwidth fullwidth-box fusion-builder-row-2 fusion-flex-container content_width box_big_title nonhundred-percent-fullwidth non-hundred-percent-height-scrolling\" style=\"background-color: rgba(255,255,255,0);background-position: center center;background-repeat: no-repeat;border-width: 0px 0px 0px 0px;border-color:#e2e2e2;border-style:solid;\" ><div class=\"fusion-builder-row fusion-row fusion-flex-align-items-flex-start\" style=\"max-width:1248px;margin-left: calc(-4% \/ 2 );margin-right: calc(-4% \/ 2 );\"><div class=\"fusion-layout-column fusion_builder_column fusion-builder-column-1 fusion_builder_column_1_1 1_1 fusion-flex-column\"><div class=\"fusion-column-wrapper fusion-flex-justify-content-flex-start fusion-content-layout-column\" style=\"background-position:left top;background-repeat:no-repeat;-webkit-background-size:cover;-moz-background-size:cover;-o-background-size:cover;background-size:cover;padding: 0px 0px 0px 0px;\"><div class=\"fusion-content-boxes content-boxes columns row fusion-columns-1 fusion-columns-total-1 fusion-content-boxes-1 content-boxes-icon-with-title content-left\" data-animationOffset=\"top-into-view\" style=\"margin-top:;margin-bottom:;\"><style type=\"text\/css\">.fusion-content-boxes-1 .heading .content-box-heading {color:#212934;}\n\t\t\t\t\t.fusion-content-boxes-1 .fusion-content-box-hover .link-area-link-icon-hover .heading .content-box-heading,\n\t\t\t\t\t.fusion-content-boxes-1 .fusion-content-box-hover .link-area-link-icon-hover .heading .heading-link .content-box-heading,\n\t\t\t\t\t.fusion-content-boxes-1 .fusion-content-box-hover .link-area-box-hover .heading .content-box-heading,\n\t\t\t\t\t.fusion-content-boxes-1 .fusion-content-box-hover .link-area-box-hover .heading .heading-link .content-box-heading,\n\t\t\t\t\t.fusion-content-boxes-1 .fusion-content-box-hover .link-area-link-icon-hover.link-area-box .fusion-read-more,\n\t\t\t\t\t.fusion-content-boxes-1 .fusion-content-box-hover .link-area-link-icon-hover.link-area-box .fusion-read-more::after,\n\t\t\t\t\t.fusion-content-boxes-1 .fusion-content-box-hover .link-area-link-icon-hover.link-area-box .fusion-read-more::before,\n\t\t\t\t\t.fusion-content-boxes-1 .fusion-content-box-hover .fusion-read-more:hover:after,\n\t\t\t\t\t.fusion-content-boxes-1 .fusion-content-box-hover .fusion-read-more:hover:before,\n\t\t\t\t\t.fusion-content-boxes-1 .fusion-content-box-hover .fusion-read-more:hover,\n\t\t\t\t\t.fusion-content-boxes-1 .fusion-content-box-hover .link-area-box-hover.link-area-box .fusion-read-more,\n\t\t\t\t\t.fusion-content-boxes-1 .fusion-content-box-hover .link-area-box-hover.link-area-box .fusion-read-more::after,\n\t\t\t\t\t.fusion-content-boxes-1 .fusion-content-box-hover .link-area-box-hover.link-area-box .fusion-read-more::before,\n\t\t\t\t\t.fusion-content-boxes-1 .fusion-content-box-hover .link-area-link-icon-hover .icon .circle-no,\n\t\t\t\t\t.fusion-content-boxes-1 .heading .heading-link:hover .content-box-heading {\n\t\t\t\t\t\tcolor: #65bc7b;\n\t\t\t\t\t}\n\t\t\t\t\t.fusion-content-boxes-1 .fusion-content-box-hover .link-area-box-hover .icon .circle-no {\n\t\t\t\t\t\tcolor: #65bc7b !important;\n\t\t\t\t\t}.fusion-content-boxes-1 .fusion-content-box-hover .link-area-box.link-area-box-hover .fusion-content-box-button {background: #5aa86c;color: #ffffff;}.fusion-content-boxes-1 .fusion-content-box-hover .link-area-box.link-area-box-hover .fusion-content-box-button .fusion-button-text {color: #ffffff;}\n\t\t\t\t\t.fusion-content-boxes-1 .fusion-content-box-hover .link-area-link-icon-hover .heading .icon > span {\n\t\t\t\t\t\tbackground-color: #65bc7b !important;\n\t\t\t\t\t}\n\t\t\t\t\t.fusion-content-boxes-1 .fusion-content-box-hover .link-area-box-hover .heading .icon > span {\n\t\t\t\t\t\tborder-color: #65bc7b !important;\n\t\t\t\t\t}<\/style><div class=\"fusion-column content-box-column content-box-column content-box-column-1 col-lg-12 col-md-12 col-sm-12 fusion-content-box-hover content-box-column-last content-box-column-last-in-row\"><div class=\"col content-box-wrapper content-wrapper link-area-link-icon content-icon-wrapper-yes icon-hover-animation-fade\" style=\"background-color:rgba(255,255,255,0);\" data-animationOffset=\"top-into-view\"><div class=\"heading heading-with-icon icon-left\"><div aria-hidden=\"true\" class=\"image\"><img class=\"lazyload\" src=\"data:image\/svg+xml,%3Csvg%20xmlns%3D%27http%3A%2F%2Fwww.w3.org%2F2000%2Fsvg%27%20width%3D%2732%27%20height%3D%2732%27%20viewBox%3D%270%200%2032%2032%27%3E%3Crect%20width%3D%2732%27%20height%3D%2732%27%20fill-opacity%3D%220%22%2F%3E%3C%2Fsvg%3E\" data-orig-src=\"http:\/\/bednarekclinic.pl\/wp-content\/uploads\/2022\/08\/favicon.png\" width=\"32\" height=\"32\" alt=\"\" \/><\/div><h2 class=\"content-box-heading\" style=\"font-size:24px;line-height:29px;\">Oberlidplastik (Blepharoplastik) und kleine Augenoperationen in der Bednarek Klinik.<\/h2><\/div><div class=\"fusion-clearfix\"><\/div><div class=\"content-container\" style=\"color:#4a4e57;\">\n<p>Die Oberlidplastik ist einer der effektivsten und beliebtesten plastisch-chirurgischen Eingriffe, um ein jugendliches Aussehen und einen frischen Blick wiederzuerlangen. Mit diesem Eingriff k\u00f6nnen Sie eine nat\u00fcrliche und lang anhaltende Verj\u00fcngung der Augenpartie genie\u00dfen.<\/p>\n<p><strong>Beschreibung der Behandlung:<\/strong><\/p>\n<p>Die Oberlidplastik, auch Blepharoplastik genannt, ist ein pr\u00e4ziser chirurgischer Eingriff, bei dem \u00fcbersch\u00fcssige Haut und gegebenenfalls fetthaltige Hernien entfernt werden und der Oberlidmuskel pliziert wird. Dieser Eingriff verbessert nicht nur die \u00c4sthetik der Augen, sondern kann auch bei Schlupflidern, die das Sichtfeld einschr\u00e4nken, Linderung verschaffen. In der Bednarek Klinik sorgen wir daf\u00fcr, dass sich unsere Patienten in jeder Phase des Eingriffs wohl und sicher f\u00fchlen.<\/p>\n<p><strong>Vorteile der Oberlidplastik:<\/strong><\/p>\n<ul>\n<li>Verj\u00fcngung &#8211; Diese Behandlung verleiht Ihrem Aussehen eine jugendliche Frische und beseitigt Anzeichen von M\u00fcdigkeit und Alterung.<\/li>\n<li>Sofortige Ergebnisse &#8211; Die ersten Ergebnisse sind sofort nach der Behandlung zu sehen und die volle Wirkung kann nach einigen Wochen, nach einer Heilungsphase, bewundert werden.<\/li>\n<li>Geringe Invasivit\u00e4t &#8211; Der Eingriff wird unter lokaler An\u00e4sthesie durchgef\u00fchrt, wodurch das Risiko von Komplikationen minimiert und die Erholungszeit verk\u00fcrzt wird.<\/li>\n<li>Verbesserte Sehfunktion &#8211; Bei Menschen mit Schlupflidern kann eine Blepharoplastik den Sehkomfort deutlich verbessern.<\/li>\n<\/ul>\n<p><strong>Kontraindikationen:<\/strong><\/p>\n<p>Obwohl die Oberlidplastik ein sicherer Eingriff ist, gibt es einige Kontraindikationen, die ber\u00fccksichtigt werden sollten, bevor Sie sich f\u00fcr den Eingriff entscheiden:<\/p>\n<ul>\n<li>Aktive Augeninfektionen.<\/li>\n<li>Chronische Krankheiten, wie z.B. Diabetes, die den Heilungsprozess beeintr\u00e4chtigen k\u00f6nnen.<\/li>\n<li>St\u00f6rungen der Blutgerinnung.<\/li>\n<li>Schwangerschaft und Stillen.<\/li>\n<li>Allergien gegen Narkosemittel.<\/li>\n<\/ul>\n<p><strong>Empfehlungen vor und nach der Behandlung:<\/strong><\/p>\n<ul>\n<li>Vor der Operation &#8211; Vermeiden Sie die Einnahme von gerinnungshemmenden Medikamenten f\u00fcr den mit Ihrem Chirurgen vereinbarten Zeitraum vor der Operation. Verzichten Sie auf das Rauchen und den Alkoholkonsum, da diese den Heilungsprozess beeintr\u00e4chtigen k\u00f6nnen.<\/li>\n<li>Nach der Behandlung &#8211; Legen Sie kalte Kompressen auf, um die Schwellung zu reduzieren. Vermeiden Sie \u00fcberm\u00e4\u00dfigen Sport f\u00fcr mindestens eine Woche und sch\u00fctzen Sie Ihre Augen mit einer Sonnenbrille vor der Sonne. Detaillierte individuelle Empfehlungen werden den Patienten am Tag des Eingriffs gegeben.<\/li>\n<\/ul>\n<p>Neben der Oberlidplastik bieten wir in der Bednarek-Klinik auch kleinere chirurgische Eingriffe im Augenbereich an, wie z.B. die Entfernung von gelben B\u00fcscheln (Gelbsucht) und einer Vielzahl von Hautl\u00e4sionen. Unser individuelles Herangehen an den Patienten und eine pr\u00e4zise Diagnostik sorgen daf\u00fcr, dass jeder Eingriff auf Ihre Bed\u00fcrfnisse zugeschnitten ist, um maximale Sicherheit und beste \u00e4sthetische Ergebnisse zu gew\u00e4hrleisten. Wir laden Sie zu einem Beratungsgespr\u00e4ch mit Ihrem Arzt ein, bei dem wir Ihre Erwartungen besprechen und einen geeigneten Behandlungsplan erstellen, um Ihren Augen ihre fr\u00fchere Brillanz und Sch\u00f6nheit zur\u00fcckzugeben!<\/p>\n<\/div><\/div><\/div><style type=\"text\/css\">\n\t\t\t\t\t\t.fusion-content-boxes-1 .fusion-content-box-hover .heading-link:hover .icon i.circle-yes,\n\t\t\t\t\t\t.fusion-content-boxes-1 .fusion-content-box-hover .link-area-box:hover .heading-link .icon i.circle-yes,\n\t\t\t\t\t\t.fusion-content-boxes-1 .fusion-content-box-hover .link-area-link-icon-hover .heading .icon i.circle-yes,\n\t\t\t\t\t\t.fusion-content-boxes-1 .fusion-content-box-hover .link-area-box-hover .heading .icon i.circle-yes {\n\t\t\t\t\t\t\tbackground-color: #65bc7b !important;\n\t\t\t\t\t\t\tborder-color: #65bc7b !important;\n\t\t\t\t\t\t}<\/style><div class=\"fusion-clearfix\"><\/div><\/div><div class=\"fusion-text fusion-text-2\"><table class=\"wp-block-table is-style-stripes\">\n<tbody>\n<tr>\n<td><strong>Die Eingriffe werden von dem Facharzt f\u00fcr Augenheilkunde und Okuloplastik Szymon Korecki durchgef\u00fchrt<\/strong><\/td>\n<td><strong>Preis<\/strong><\/td>\n<\/tr>\n<tr>\n<td>Beratung zur Oberlidplastik<\/td>\n<td>250z\u0142<\/td>\n<\/tr>\n<tr>\n<td>Oberlidplastik<\/td>\n<td>4500z\u0142<\/td>\n<\/tr>\n<tr>\n<td>Behandlungspaket zur Beschleunigung der Narbenheilung und Regeneration der Augenpartie (das Paket umfasst 6 LED-Lampensitzungen, 3 Tropokollagen-Behandlungen und 1 fraktionierte Laserbehandlung f\u00fcr die Narbe &#8211; insgesamt 6 Besuche)<\/td>\n<td>1400z\u0142<\/td>\n<\/tr>\n<tr>\n<td>Entfernung von gelben B\u00fcscheln (chirurgisch, ein Bereich, je nach Gr\u00f6\u00dfe der L\u00e4sion)<\/td>\n<td>500 &#8211; 1000z\u0142<\/td>\n<\/tr>\n<tr>\n<td>Entfernung einer Hautl\u00e4sion am Augenlid (chirurgisch, abh\u00e4ngig von der Gr\u00f6\u00dfe der L\u00e4sion)<\/td>\n<td>400 &#8211; 800z\u0142<\/td>\n<\/tr>\n<\/tbody>\n<\/table>\n<\/div><\/div><style type=\"text\/css\">.fusion-body .fusion-builder-column-1{width:100% !important;margin-top : 0px;margin-bottom : 20px;}.fusion-builder-column-1 > .fusion-column-wrapper {padding-top : 0px !important;padding-right : 0px !important;margin-right : 1.92%;padding-bottom : 0px !important;padding-left : 0px !important;margin-left : 1.92%;}@media only screen and (max-width:1024px) {.fusion-body .fusion-builder-column-1{width:100% !important;order : 0;}.fusion-builder-column-1 > .fusion-column-wrapper {margin-right : 1.92%;margin-left : 1.92%;}}@media only screen and (max-width:640px) {.fusion-body .fusion-builder-column-1{width:100% !important;order : 0;}.fusion-builder-column-1 > .fusion-column-wrapper {margin-right : 1.92%;margin-left : 1.92%;}}<\/style><\/div><\/div><style type=\"text\/css\">.fusion-body .fusion-flex-container.fusion-builder-row-2{ padding-top : 50px;margin-top : 0px;padding-right : 0px;padding-bottom : 30px;margin-bottom : 0px;padding-left : 0px;}<\/style><\/div><\/p>\n","protected":false},"excerpt":{"rendered":"","protected":false},"author":2,"featured_media":0,"parent":0,"menu_order":0,"comment_status":"closed","ping_status":"closed","template":"","meta":{"inline_featured_image":false},"_links":{"self":[{"href":"https:\/\/www.bednarekclinic.pl\/de\/wp-json\/wp\/v2\/pages\/946"}],"collection":[{"href":"https:\/\/www.bednarekclinic.pl\/de\/wp-json\/wp\/v2\/pages"}],"about":[{"href":"https:\/\/www.bednarekclinic.pl\/de\/wp-json\/wp\/v2\/types\/page"}],"author":[{"embeddable":true,"href":"https:\/\/www.bednarekclinic.pl\/de\/wp-json\/wp\/v2\/users\/2"}],"replies":[{"embeddable":true,"href":"https:\/\/www.bednarekclinic.pl\/de\/wp-json\/wp\/v2\/comments?post=946"}],"version-history":[{"count":2,"href":"https:\/\/www.bednarekclinic.pl\/de\/wp-json\/wp\/v2\/pages\/946\/revisions"}],"predecessor-version":[{"id":1341,"href":"https:\/\/www.bednarekclinic.pl\/de\/wp-json\/wp\/v2\/pages\/946\/revisions\/1341"}],"wp:attachment":[{"href":"https:\/\/www.bednarekclinic.pl\/de\/wp-json\/wp\/v2\/media?parent=946"}],"curies":[{"name":"wp","href":"https:\/\/api.w.org\/{rel}","templated":true}]}}