{"id":980,"date":"2023-08-22T12:55:22","date_gmt":"2023-08-22T10:55:22","guid":{"rendered":"https:\/\/www.bednarekclinic.pl\/laserme-nicht-ablativer-fraktionierter-laser\/"},"modified":"2025-01-22T15:14:43","modified_gmt":"2025-01-22T13:14:43","slug":"laserme-nicht-ablativer-fraktionierter-laser","status":"publish","type":"page","link":"https:\/\/www.bednarekclinic.pl\/de\/laserme-nicht-ablativer-fraktionierter-laser\/","title":{"rendered":"LaserMe nicht-ablativer fraktionierter Laser"},"content":{"rendered":"<p><div class=\"fusion-fullwidth fullwidth-box fusion-builder-row-1 fusion-flex-container max-width nonhundred-percent-fullwidth non-hundred-percent-height-scrolling\" style=\"background-color: #000000;background-position: center center;background-repeat: no-repeat;border-width: 0px 0px 0px 0px;border-color:#e2e2e2;border-style:solid;\" ><div class=\"fusion-builder-row fusion-row fusion-flex-align-items-flex-start\" style=\"max-width:1248px;margin-left: calc(-4% \/ 2 );margin-right: calc(-4% \/ 2 );\"><div class=\"fusion-layout-column fusion_builder_column fusion-builder-column-0 fusion_builder_column_1_1 1_1 fusion-flex-column page_title\"><div class=\"fusion-column-wrapper fusion-flex-justify-content-flex-start fusion-content-layout-column\" style=\"background-position:left top;background-repeat:no-repeat;-webkit-background-size:cover;-moz-background-size:cover;-o-background-size:cover;background-size:cover;padding: 0px 0px 0px 0px;\"><div class=\"fusion-text fusion-text-1\"><h1 style=\"text-align: center;\">LaserMe nicht-ablativer fraktionierter Laser<\/h1>\n<\/div><\/div><style type=\"text\/css\">.fusion-body .fusion-builder-column-0{width:100% !important;margin-top : 0px;margin-bottom : 20px;}.fusion-builder-column-0 > .fusion-column-wrapper {padding-top : 0px !important;padding-right : 0px !important;margin-right : 1.92%;padding-bottom : 0px !important;padding-left : 0px !important;margin-left : 1.92%;}@media only screen and (max-width:1024px) {.fusion-body .fusion-builder-column-0{width:100% !important;order : 0;}.fusion-builder-column-0 > .fusion-column-wrapper {margin-right : 1.92%;margin-left : 1.92%;}}@media only screen and (max-width:640px) {.fusion-body .fusion-builder-column-0{width:100% !important;order : 0;}.fusion-builder-column-0 > .fusion-column-wrapper {margin-right : 1.92%;margin-left : 1.92%;}}<\/style><\/div><\/div><style type=\"text\/css\">.fusion-body .fusion-flex-container.fusion-builder-row-1{ padding-top : 0px;margin-top : 0px;padding-right : 0px;padding-bottom : 0px;margin-bottom : 0px;padding-left : 0px;}<\/style><\/div><div class=\"fusion-fullwidth fullwidth-box fusion-builder-row-2 fusion-flex-container content_width box_big_title nonhundred-percent-fullwidth non-hundred-percent-height-scrolling\" style=\"background-color: rgba(255,255,255,0);background-position: center center;background-repeat: no-repeat;border-width: 0px 0px 0px 0px;border-color:#e2e2e2;border-style:solid;\" ><div class=\"fusion-builder-row fusion-row fusion-flex-align-items-flex-start\" style=\"max-width:1248px;margin-left: calc(-4% \/ 2 );margin-right: calc(-4% \/ 2 );\"><div class=\"fusion-layout-column fusion_builder_column fusion-builder-column-1 fusion_builder_column_1_1 1_1 fusion-flex-column\"><div class=\"fusion-column-wrapper fusion-flex-justify-content-flex-start fusion-content-layout-column\" style=\"background-position:left top;background-repeat:no-repeat;-webkit-background-size:cover;-moz-background-size:cover;-o-background-size:cover;background-size:cover;padding: 0px 0px 0px 0px;\"><div class=\"fusion-content-boxes content-boxes columns row fusion-columns-1 fusion-columns-total-1 fusion-content-boxes-1 content-boxes-icon-with-title content-left\" data-animationOffset=\"top-into-view\" style=\"margin-top:;margin-bottom:;\"><style type=\"text\/css\">.fusion-content-boxes-1 .heading .content-box-heading {color:#212934;}\n\t\t\t\t\t.fusion-content-boxes-1 .fusion-content-box-hover .link-area-link-icon-hover .heading .content-box-heading,\n\t\t\t\t\t.fusion-content-boxes-1 .fusion-content-box-hover .link-area-link-icon-hover .heading .heading-link .content-box-heading,\n\t\t\t\t\t.fusion-content-boxes-1 .fusion-content-box-hover .link-area-box-hover .heading .content-box-heading,\n\t\t\t\t\t.fusion-content-boxes-1 .fusion-content-box-hover .link-area-box-hover .heading .heading-link .content-box-heading,\n\t\t\t\t\t.fusion-content-boxes-1 .fusion-content-box-hover .link-area-link-icon-hover.link-area-box .fusion-read-more,\n\t\t\t\t\t.fusion-content-boxes-1 .fusion-content-box-hover .link-area-link-icon-hover.link-area-box .fusion-read-more::after,\n\t\t\t\t\t.fusion-content-boxes-1 .fusion-content-box-hover .link-area-link-icon-hover.link-area-box .fusion-read-more::before,\n\t\t\t\t\t.fusion-content-boxes-1 .fusion-content-box-hover .fusion-read-more:hover:after,\n\t\t\t\t\t.fusion-content-boxes-1 .fusion-content-box-hover .fusion-read-more:hover:before,\n\t\t\t\t\t.fusion-content-boxes-1 .fusion-content-box-hover .fusion-read-more:hover,\n\t\t\t\t\t.fusion-content-boxes-1 .fusion-content-box-hover .link-area-box-hover.link-area-box .fusion-read-more,\n\t\t\t\t\t.fusion-content-boxes-1 .fusion-content-box-hover .link-area-box-hover.link-area-box .fusion-read-more::after,\n\t\t\t\t\t.fusion-content-boxes-1 .fusion-content-box-hover .link-area-box-hover.link-area-box .fusion-read-more::before,\n\t\t\t\t\t.fusion-content-boxes-1 .fusion-content-box-hover .link-area-link-icon-hover .icon .circle-no,\n\t\t\t\t\t.fusion-content-boxes-1 .heading .heading-link:hover .content-box-heading {\n\t\t\t\t\t\tcolor: #65bc7b;\n\t\t\t\t\t}\n\t\t\t\t\t.fusion-content-boxes-1 .fusion-content-box-hover .link-area-box-hover .icon .circle-no {\n\t\t\t\t\t\tcolor: #65bc7b !important;\n\t\t\t\t\t}.fusion-content-boxes-1 .fusion-content-box-hover .link-area-box.link-area-box-hover .fusion-content-box-button {background: #5aa86c;color: #ffffff;}.fusion-content-boxes-1 .fusion-content-box-hover .link-area-box.link-area-box-hover .fusion-content-box-button .fusion-button-text {color: #ffffff;}\n\t\t\t\t\t.fusion-content-boxes-1 .fusion-content-box-hover .link-area-link-icon-hover .heading .icon > span {\n\t\t\t\t\t\tbackground-color: #65bc7b !important;\n\t\t\t\t\t}\n\t\t\t\t\t.fusion-content-boxes-1 .fusion-content-box-hover .link-area-box-hover .heading .icon > span {\n\t\t\t\t\t\tborder-color: #65bc7b !important;\n\t\t\t\t\t}<\/style><div class=\"fusion-column content-box-column content-box-column content-box-column-1 col-lg-12 col-md-12 col-sm-12 fusion-content-box-hover content-box-column-last content-box-column-last-in-row\"><div class=\"col content-box-wrapper content-wrapper link-area-link-icon content-icon-wrapper-yes icon-hover-animation-fade\" style=\"background-color:rgba(255,255,255,0);\" data-animationOffset=\"top-into-view\"><div class=\"heading heading-with-icon icon-left\"><div aria-hidden=\"true\" class=\"image\"><img class=\"lazyload\" src=\"data:image\/svg+xml,%3Csvg%20xmlns%3D%27http%3A%2F%2Fwww.w3.org%2F2000%2Fsvg%27%20width%3D%2732%27%20height%3D%2732%27%20viewBox%3D%270%200%2032%2032%27%3E%3Crect%20width%3D%2732%27%20height%3D%2732%27%20fill-opacity%3D%220%22%2F%3E%3C%2Fsvg%3E\" data-orig-src=\"http:\/\/bednarekclinic.pl\/wp-content\/uploads\/2022\/08\/favicon.png\" width=\"32\" height=\"32\" alt=\"\" \/><\/div><h2 class=\"content-box-heading\" style=\"font-size:24px;line-height:29px;\">Nicht-ablativer fraktionierter Laser LASERME<\/h2><\/div><div class=\"fusion-clearfix\"><\/div><div class=\"content-container\" style=\"color:#4a4e57;\">\n<p>Der nicht-ablative fraktionierte Laser von LaserMe steht f\u00fcr eine neue \u00c4ra der Hautrevitalisierung Ein fortschrittliches Ger\u00e4t, das von Fachleuten und Patienten f\u00fcr seine revolution\u00e4ren Eigenschaften gelobt wird. Der nicht-ablative fraktionierte Laser unterscheidet sich von herk\u00f6mmlichen Laserbehandlungen, da er keine Entfernung der oberen Hautschichten erfordert, was die Erholungszeit verk\u00fcrzt und das Risiko von Komplikationen minimiert. Stattdessen arbeitet er in den tieferen Hautschichten und gibt kontrollierte W\u00e4rmeimpulse ab, die die Kollagenproduktion anregen und das Gewebe regenerieren. Das Endergebnis ist eine nat\u00fcrliche Verbesserung der Elastizit\u00e4t, Festigkeit, Reduzierung feiner Falten oder Verengung der Poren. Der Hauptvorteil der nicht-ablativen fraktionierten Laser, zu denen auch LaserMe geh\u00f6rt, besteht darin, dass sie f\u00fcr eine Vielzahl von Hautbereichen eingesetzt werden k\u00f6nnen, darunter Gesicht, Hals, Dekollet\u00e9 und H\u00e4nde. Sie k\u00f6nnen auch zur Behandlung von Narben, Dehnungsstreifen und Akne eingesetzt werden. Dank seiner Pr\u00e4zision sind Behandlungen mit diesem Laser sicher und minimalinvasiv. Patienten, die sich einer LaserMe Behandlung unterzogen haben, versp\u00fcren in der Regel eine leichte Hautr\u00f6tung und Schwellung, die innerhalb weniger Stunden abklingt. Sie k\u00f6nnen bereits nach der ersten Sitzung eine Verbesserung Ihrer Hautstruktur feststellen, aber es wird empfohlen, mehrere Behandlungen in regelm\u00e4\u00dfigen Abst\u00e4nden durchzuf\u00fchren, um die besten Ergebnisse zu erzielen. Die richtige Hautpflege nach der Behandlung sollte jedoch nicht vergessen werden.<br \/>\nDie Verwendung von Feuchtigkeits- und Sonnenschutzmitteln ist \u00e4u\u00dferst wichtig, um die Regeneration der Haut zu unterst\u00fctzen und das Auftreten unerw\u00fcnschter Wirkungen zu vermeiden. Der nicht-ablative fraktionierte Laser ist ein Durchbruch auf dem Gebiet der \u00e4sthetischen Medizin und bietet wirksame L\u00f6sungen f\u00fcr diejenigen, die eine Hautverj\u00fcngung ohne langfristige Rekonvaleszenz suchen.  <\/p>\n<p><strong>Indikationen<\/strong><\/p>\n<ul>\n<li>Falten und Zeichen der Hautalterung<\/li>\n<li>vergr\u00f6\u00dferte Poren<\/li>\n<li>Aknenarben<\/li>\n<li>Dehnungsstreifen<\/li>\n<li>Ungleichm\u00e4\u00dfige Hautstruktur<\/li>\n<\/ul>\n<p><strong>Kontraindikationen<\/strong><\/p>\n<ul>\n<li>Schwangerschaft und Stillen,<\/li>\n<li>Hautentz\u00fcndungen, Infektionen,<\/li>\n<li>Krankheiten des Immunsystems,<\/li>\n<li>Krebs.<\/li>\n<li>Verwendung von photosensibilisierenden Medikamenten und Substanzen<\/li>\n<li>gebr\u00e4unte Haut<\/li>\n<\/ul>\n<p>A<strong>blauf der Behandlung<\/strong> Die Haut wird gr\u00fcndlich gereinigt und die vom Laser zu behandelnden Bereiche werden desinfiziert. Die Behandlung ist schmerzlos und erfordert keine An\u00e4sthesie. Es ist m\u00f6glich, dass Sie w\u00e4hrend der Behandlung ein leichtes Brennen und eine Erw\u00e4rmung der Haut sp\u00fcren. Nach der Behandlung kann es zu leichten R\u00f6tungen und Schwellungen der Haut kommen, die jedoch in der Regel geringf\u00fcgig sind und innerhalb weniger Stunden verschwinden. W\u00e4hrend dieser Zeit ist es wichtig, Sonneneinstrahlung zu vermeiden und geeignete Hautpflegecremes zu verwenden. Um optimale Ergebnisse zu erzielen, kann eine Reihe von Behandlungen in bestimmten Abst\u00e4nden erforderlich sein. Die Anzahl der Behandlungen h\u00e4ngt von den individuellen Bed\u00fcrfnissen des Patienten und seinem Hautzustand ab. Nach einer Reihe von Behandlungen wird die Haut straffer, elastischer und feine Falten werden reduziert. Die Effekte sind nat\u00fcrlich und werden innerhalb weniger Wochen nach der Behandlung allm\u00e4hlich sichtbar.<\/p>\n<\/div><\/div><\/div><style type=\"text\/css\">\n\t\t\t\t\t\t.fusion-content-boxes-1 .fusion-content-box-hover .heading-link:hover .icon i.circle-yes,\n\t\t\t\t\t\t.fusion-content-boxes-1 .fusion-content-box-hover .link-area-box:hover .heading-link .icon i.circle-yes,\n\t\t\t\t\t\t.fusion-content-boxes-1 .fusion-content-box-hover .link-area-link-icon-hover .heading .icon i.circle-yes,\n\t\t\t\t\t\t.fusion-content-boxes-1 .fusion-content-box-hover .link-area-box-hover .heading .icon i.circle-yes {\n\t\t\t\t\t\t\tbackground-color: #65bc7b !important;\n\t\t\t\t\t\t\tborder-color: #65bc7b !important;\n\t\t\t\t\t\t}<\/style><div class=\"fusion-clearfix\"><\/div><\/div><div class=\"fusion-text fusion-text-2\"><table class=\"wp-block-table is-style-stripes\">\n<tbody>\n<tr>\n<td><strong>Der LaserMe fraktionierte, nicht-ablative Laser ist ein medizinisches Ger\u00e4t der neuesten Technologie und h\u00f6chster Qualit\u00e4t. Noch bessere Ergebnisse, k\u00fcrzere Erholungszeit. <\/strong><\/td>\n<td><strong>Preis<\/strong><\/td>\n<\/tr>\n<tr>\n<td>Gesicht 1 Behandlung<\/td>\n<td>\n1100z\u0142<em>(Festpreis bei allen Behandlungsanbietern)<\/em><\/td>\n<\/tr>\n<tr>\n<td>Gesichtspaket mit 4 Behandlungen<\/td>\n<td>\n3900z\u0142<em>(Festpreis bei allen Behandlungsanbietern)<\/em><\/td>\n<\/tr>\n<tr>\n<td>Gesichtspaket mit 6 Behandlungen<\/td>\n<td>\n5600z\u0142<em>(Festpreis bei allen Behandlungsanbietern)<\/em><\/td>\n<\/tr>\n<tr>\n<td>Gesicht + Hals 1 Behandlung<\/td>\n<td>\n1700z\u0142<em>(Festpreis bei allen Behandlungsanbietern)<\/em><\/td>\n<\/tr>\n<tr>\n<td>Gesicht + Hals Paket mit 4 Behandlungen<\/td>\n<td>\n6200z\u0142<em>(Festpreis bei allen Behandlungsanbietern)<\/em><\/td>\n<\/tr>\n<tr>\n<td>Gesicht + Hals Paket mit 6 Behandlungen<\/td>\n<td>\n8200z\u0142<em>(Festpreis bei allen Behandlungsanbietern)<\/em><\/td>\n<\/tr>\n<tr>\n<td>Gesicht + Hals + Dekollet\u00e9 1 Behandlung<\/td>\n<td>\n2200z\u0142<em>(Festpreis bei allen Behandlungsanbietern)<\/em><\/td>\n<\/tr>\n<tr>\n<td>Gesicht + Hals + Dekollet\u00e9 Paket mit 4 Behandlungen<\/td>\n<td>\n7800z\u0142<em>(Festpreis bei allen Behandlungsanbietern)<\/em><\/td>\n<\/tr>\n<tr>\n<td>Augenpartie 1 Behandlung<\/td>\n<td>\n500z\u0142<em>(Festpreis bei allen Behandlungsanbietern)<\/em><\/td>\n<\/tr>\n<tr>\n<td>Paket f\u00fcr die Augenpartie mit 4 Behandlungen<\/td>\n<td>\n1700z\u0142<em>(Festpreis bei allen Behandlungsanbietern)<\/em><\/td>\n<\/tr>\n<tr>\n<td>Paket f\u00fcr die Augenpartie mit 6 Behandlungen<\/td>\n<td>\n2400z\u0142<em>(Festpreis bei allen Behandlungsanbietern)<\/em><\/td>\n<\/tr>\n<tr>\n<td>Stirn<\/td>\n<td>\n500PLN<em>(Festpreis bei allen Behandlungsanbietern)<\/em><\/td>\n<\/tr>\n<tr>\n<td>Wangen (Aknenarben) 1 Behandlung<\/td>\n<td>\n800z\u0142<em>(Festpreis bei allen Behandlungsanbietern)<\/em><\/td>\n<\/tr>\n<tr>\n<td>Wangen (Aknenarben) 4 Behandlungen<\/td>\n<td>\n2800z\u0142<em>(Festpreis bei allen Behandlungsanbietern)<\/em><\/td>\n<\/tr>\n<tr>\n<td>Wangen (Aknenarben) 6 Behandlungen<\/td>\n<td>\n3800z\u0142<em>(Festpreis bei allen Behandlungsanbietern)<\/em><\/td>\n<\/tr>\n<tr>\n<td>K\u00f6rperliche Narben\/Dehnungsstreifen<\/td>\n<td>\n800-2500z\u0142<em>(Festpreis bei allen Behandlungsanbietern)<\/em><\/td>\n<\/tr>\n<tr>\n<td>Kleine Narbe 1 Behandlung<\/td>\n<td>\n200 z\u0142<em>(Festpreis bei allen Behandlungsanbietern)<\/em><\/td>\n<\/tr>\n<tr>\n<td>Kleine Narbe 4 Behandlungen<\/td>\n<td>\n700 z\u0142<em>(Festpreis bei allen Behandlungsanbietern)<\/em><\/td>\n<\/tr>\n<tr>\n<td>Kleine Narbe 6 Behandlungen<\/td>\n<td>\n1000 z\u0142<em>(Festpreis bei allen Behandlungsanbietern)<\/em><\/td>\n<\/tr>\n<tr>\n<td>L\u00f6wenzahnfalte 1 Behandlung<\/td>\n<td>\n400 z\u0142<em>(Festpreis bei allen Behandlungsanbietern)<\/em><\/td>\n<\/tr>\n<tr>\n<td>Lion&#8217;s wrinkle 4 Behandlungen<\/td>\n<td>\n1400 z\u0142<em>(Festpreis bei allen Behandlungsanbietern)<\/em><\/td>\n<\/tr>\n<tr>\n<td>Lion&#8217;s wrinkle 6 Behandlungen<\/td>\n<td>\n2000 z\u0142<em>(Festpreis bei allen Behandlungsanbietern)<\/em><\/td>\n<\/tr>\n<tr>\n<td>Gesicht + ASCE+ Exosomen<\/td>\n<td>\n2500z\u0142 (Serie von 3 Behandlungen 6900z\u0142)<em>(Festpreis bei allen Behandlungsanbietern)<\/em><\/td>\n<\/tr>\n<tr>\n<td>ASCE+ Exosomen<\/td>\n<td>\n+800zl auf den Grundpreis der Behandlung<em>(Festpreis bei allen Behandlungsanbietern)<\/em><\/td>\n<\/tr>\n<\/tbody>\n<\/table>\n<\/div><\/div><style type=\"text\/css\">.fusion-body .fusion-builder-column-1{width:100% !important;margin-top : 0px;margin-bottom : 20px;}.fusion-builder-column-1 > .fusion-column-wrapper {padding-top : 0px !important;padding-right : 0px !important;margin-right : 1.92%;padding-bottom : 0px !important;padding-left : 0px !important;margin-left : 1.92%;}@media only screen and (max-width:1024px) {.fusion-body .fusion-builder-column-1{width:100% !important;order : 0;}.fusion-builder-column-1 > .fusion-column-wrapper {margin-right : 1.92%;margin-left : 1.92%;}}@media only screen and (max-width:640px) {.fusion-body .fusion-builder-column-1{width:100% !important;order : 0;}.fusion-builder-column-1 > .fusion-column-wrapper {margin-right : 1.92%;margin-left : 1.92%;}}<\/style><\/div><\/div><style type=\"text\/css\">.fusion-body .fusion-flex-container.fusion-builder-row-2{ padding-top : 50px;margin-top : 0px;padding-right : 0px;padding-bottom : 30px;margin-bottom : 0px;padding-left : 0px;}<\/style><\/div><\/p>\n","protected":false},"excerpt":{"rendered":"","protected":false},"author":2,"featured_media":0,"parent":0,"menu_order":0,"comment_status":"closed","ping_status":"closed","template":"","meta":{"inline_featured_image":false},"_links":{"self":[{"href":"https:\/\/www.bednarekclinic.pl\/de\/wp-json\/wp\/v2\/pages\/980"}],"collection":[{"href":"https:\/\/www.bednarekclinic.pl\/de\/wp-json\/wp\/v2\/pages"}],"about":[{"href":"https:\/\/www.bednarekclinic.pl\/de\/wp-json\/wp\/v2\/types\/page"}],"author":[{"embeddable":true,"href":"https:\/\/www.bednarekclinic.pl\/de\/wp-json\/wp\/v2\/users\/2"}],"replies":[{"embeddable":true,"href":"https:\/\/www.bednarekclinic.pl\/de\/wp-json\/wp\/v2\/comments?post=980"}],"version-history":[{"count":8,"href":"https:\/\/www.bednarekclinic.pl\/de\/wp-json\/wp\/v2\/pages\/980\/revisions"}],"predecessor-version":[{"id":1016,"href":"https:\/\/www.bednarekclinic.pl\/de\/wp-json\/wp\/v2\/pages\/980\/revisions\/1016"}],"wp:attachment":[{"href":"https:\/\/www.bednarekclinic.pl\/de\/wp-json\/wp\/v2\/media?parent=980"}],"curies":[{"name":"wp","href":"https:\/\/api.w.org\/{rel}","templated":true}]}}